{"id":22403,"date":"2024-03-27T13:53:08","date_gmt":"2023-02-27T12:53:08","guid":{"rendered":"https:\/\/zusto.com\/?post_type=product&#038;p=22403"},"modified":"2025-10-28T23:46:58","modified_gmt":"2025-10-28T22:46:58","slug":"zusto-granola-chocolat-noix","status":"publish","type":"product","link":"https:\/\/zusto.com\/fr\/produit\/zusto-granola-chocolat-noix\/","title":{"rendered":"Z\u00f9sto Granola \u2013 Chocolat &#038; des Noix"},"content":{"rendered":"<h3>Start your day, in a healthy way<\/h3>\n<p class=\"p1\">D\u00e9couvrez le granola de Z\u00f9sto avec un d\u00e9licieux chocolat noir belge et des noix, aromatis\u00e9 d&#8217;une subtile touche d&#8217;ar\u00f4me de vanille.<span class=\"Apple-converted-space\">\u00a0<\/span><\/p>\n<p class=\"p1\">Ce granola est irr\u00e9sistible et fait sur mesure pour tout amateur de granola &amp; chocolat.<\/p>\n<p class=\"p1\">De plus, notre granola est produit \u00e0 la main en Belgique avec des grains entiers.<\/p>\n<h3>Pourquoi avons-nous d\u00e9velopp\u00e9 ce produit?<\/h3>\n<p class=\"p1\">Le granola contient g\u00e9n\u00e9ralement environ 11 \u00e0 25 % de sucres.<span class=\"Apple-converted-space\">\u00a0<\/span><\/p>\n<p class=\"p1\">Une portion moyenne de 50 grammes correspond donc \u00e0 une consommation quotidienne de 10 grammes de sucres ajout\u00e9s &#8211; et la journ\u00e9e ne fait que commencer.<\/p>\n<p class=\"p1\">Les amateurs de granola consomment donc annuellement 3,6 kg de sucres ajout\u00e9s, soit 14.600 kcal par an.<\/p>\n<p class=\"p1\">C&#8217;est 10 fois plus de sucre que le granola de Z\u00f9sto, qui ne contient rien d\u2019autre que des sucres naturellement pr\u00e9sents.<span class=\"Apple-converted-space\">\u00a0<\/span><\/p>\n<p class=\"p1\">Avec le granola de Z\u00f9sto, nous essayons non seulement de mettre un terme \u00e0 la surconsommation de sucre (et aux cons\u00e9quences qui y sont li\u00e9es), mais aussi d&#8217;en faire une histoire positive et plus saine, gr\u00e2ce \u00e0 sa teneur \u00e9lev\u00e9e en fibres saines. Du plaisir sans les soucis.<\/p>\n<p class=\"p1\">Par exemple, malgr\u00e9 l&#8217;utilisation de c\u00e9r\u00e9ales saines, la plupart des granolas sur le march\u00e9 ne contiennent que 7-8% de fibres.<\/p>\n<p class=\"p1\">En utilisant le Z\u00f9sto, notre granola contient pas moins de 21% de fibres saines.<span class=\"Apple-converted-space\">\u00a0 <\/span>C&#8217;est plus que le double !<\/p>\n<p class=\"p1\">De plus, les fibres de Z\u00f9sto sont tr\u00e8s vari\u00e9es, optimisant et combinant \u00e0 la fois la tol\u00e9rance digestive (digestibilit\u00e9) et les avantages pour la sant\u00e9.<\/p>\n<p class=\"p1\">Lisez plus sur les fibres de Z\u00f9sto <a href=\"https:\/\/zusto.com\/fr\/les-nombreux-effets-positifs-des-fibres-sur-notre-sante\/\"><span class=\"s1\"><b>ici<\/b><\/span><\/a>.<\/p>\n<p class=\"p1\">Enfin, le granola de Z\u00f9sto est environ 13% plus faible en valeur calorique qu\u2019un granola moyen, et contient une dose saine de prot\u00e9ines.<\/p>\n<p class=\"p1\">Ainsi, non seulement vous commencez votre journ\u00e9e sans les sucres ajout\u00e9s, mais vous la commencez aussi avec une dose saine de fibres ! Des granolas savoureux, sans les soucis de sant\u00e9.<\/p>\n<p class=\"p1\">Bon app\u00e9tit !<\/p>\n<p class=\"p1\">Vous \u00eates curieux de d\u00e9couvrir d&#8217;autres fa\u00e7ons plus saines de commencer la journ\u00e9e ?<\/p>\n<p class=\"p1\">D\u00e9couvrez \u00e9galement <a href=\"https:\/\/zusto.com\/fr\/produit\/acheter-zusto-pate-a-tartiner-aux-noisettes\/\"><span class=\"s1\"><b>ici<\/b><\/span> <\/a>la d\u00e9licieuse et douce p\u00e2te \u00e0 tartiner aux noisettes de Z\u00f9sto, comme base d&#8217;un petit-d\u00e9jeuner sain.<\/p>\n","protected":false},"excerpt":{"rendered":"<ul>\n<li>300 g Z\u00f9sto\u00ae Granola \u2013 Chocolat &amp; des Noix<\/li>\n<li>Convient aux r\u00e9gimes v\u00e9g\u00e9tariens et v\u00e9g\u00e9taliens.<\/li>\n<li>Nutri-Score A<\/li>\n<li>Longue dur\u00e9e de conservation : minimum 6 mois<\/li>\n<\/ul>\n","protected":false},"featured_media":31840,"comment_status":"open","ping_status":"closed","template":"","meta":{"_acf_changed":false,"_gspb_post_css":""},"product_cat":[756,209],"product_tag":[193,194],"product_brands":[],"class_list":{"0":"post-22403","1":"product","2":"type-product","3":"status-publish","4":"has-post-thumbnail","6":"product_cat-tous-les-produits","7":"product_cat-cereales","8":"product_tag-populair-fr","9":"product_tag-zusto-producten-fr","11":"first","12":"instock","13":"sale","14":"featured","15":"taxable","16":"shipping-taxable","17":"purchasable","18":"product-type-variable","19":"has-default-attributes"},"bundled_by":[],"bundle_stock_status":"instock","bundle_stock_quantity":null,"bundle_virtual":false,"bundle_layout":"","bundle_add_to_cart_form_location":"","bundle_editable_in_cart":false,"bundle_sold_individually_context":"","bundle_item_grouping":"","bundle_min_size":"","bundle_max_size":"","bundle_price":[],"bundled_items":[],"bundle_sell_ids":[],"acf":[],"ct_brands":[],"_links":{"self":[{"href":"https:\/\/zusto.com\/fr\/wp-json\/wp\/v2\/product\/22403","targetHints":{"allow":["GET"]}}],"collection":[{"href":"https:\/\/zusto.com\/fr\/wp-json\/wp\/v2\/product"}],"about":[{"href":"https:\/\/zusto.com\/fr\/wp-json\/wp\/v2\/types\/product"}],"replies":[{"embeddable":true,"href":"https:\/\/zusto.com\/fr\/wp-json\/wp\/v2\/comments?post=22403"}],"wp:featuredmedia":[{"embeddable":true,"href":"https:\/\/zusto.com\/fr\/wp-json\/wp\/v2\/media\/31840"}],"wp:attachment":[{"href":"https:\/\/zusto.com\/fr\/wp-json\/wp\/v2\/media?parent=22403"}],"wp:term":[{"taxonomy":"product_cat","embeddable":true,"href":"https:\/\/zusto.com\/fr\/wp-json\/wp\/v2\/product_cat?post=22403"},{"taxonomy":"product_tag","embeddable":true,"href":"https:\/\/zusto.com\/fr\/wp-json\/wp\/v2\/product_tag?post=22403"},{"taxonomy":"product_brands","embeddable":true,"href":"https:\/\/zusto.com\/fr\/wp-json\/wp\/v2\/product_brands?post=22403"}],"curies":[{"name":"wp","href":"https:\/\/api.w.org\/{rel}","templated":true}]}}