{"id":22712,"date":"2025-09-09T11:39:55","date_gmt":"2023-03-09T10:39:56","guid":{"rendered":"https:\/\/zusto.com\/?post_type=product&#038;p=22712"},"modified":"2025-09-19T11:17:50","modified_gmt":"2025-09-19T09:17:50","slug":"zusto-pate-a-tartiner-aux-noisettes-350g","status":"publish","type":"product","link":"https:\/\/zusto.com\/fr\/produit\/zusto-pate-a-tartiner-aux-noisettes-350g\/","title":{"rendered":"Z\u00f9sto p\u00e2te \u00e0 tartiner aux noisettes 350 g"},"content":{"rendered":"<p><img fetchpriority=\"high\" decoding=\"async\" class=\"alignnone wp-image-42703\" src=\"https:\/\/zusto.com\/wp-content\/uploads\/2024\/03\/WhatsApp-Image-2025-09-19-at-07.46.26_bd01d38f-1024x1024.jpg\" alt=\"Z\u00f9sto\" width=\"600\" height=\"600\" srcset=\"https:\/\/zusto.com\/wp-content\/uploads\/2024\/03\/WhatsApp-Image-2025-09-19-at-07.46.26_bd01d38f-1024x1024.jpg 1024w, https:\/\/zusto.com\/wp-content\/uploads\/2024\/03\/WhatsApp-Image-2025-09-19-at-07.46.26_bd01d38f-300x300.jpg 300w, https:\/\/zusto.com\/wp-content\/uploads\/2024\/03\/WhatsApp-Image-2025-09-19-at-07.46.26_bd01d38f-150x150.jpg 150w, https:\/\/zusto.com\/wp-content\/uploads\/2024\/03\/WhatsApp-Image-2025-09-19-at-07.46.26_bd01d38f-768x768.jpg 768w, https:\/\/zusto.com\/wp-content\/uploads\/2024\/03\/WhatsApp-Image-2025-09-19-at-07.46.26_bd01d38f-500x500.jpg 500w, https:\/\/zusto.com\/wp-content\/uploads\/2024\/03\/WhatsApp-Image-2025-09-19-at-07.46.26_bd01d38f-800x800.jpg 800w, https:\/\/zusto.com\/wp-content\/uploads\/2024\/03\/WhatsApp-Image-2025-09-19-at-07.46.26_bd01d38f.jpg 1080w\" sizes=\"(max-width: 600px) 100vw, 600px\" \/><\/p>\n<div class=\"fusion-text fusion-text-11\">\n<p class=\"fusion-responsive-typography-calculated\" data-fontsize=\"19\" data-lineheight=\"23.75px\">Faites connaissance avec<strong> la seule et unique p\u00e2te \u00e0 tartiner aux noisettes Z\u00f9sto<\/strong> et d\u00e9couvrez par vous-m\u00eame sa <strong>d\u00e9licieuse saveur<\/strong> !<\/p>\n<\/div>\n<div class=\"fusion-text fusion-text-12\">\n<p>La p\u00e2te \u00e0 tartiner aux noisettes Z\u00f9sto contient un <strong>m\u00e9lange \u00e9quilibr\u00e9 de fibres alimentaires<\/strong> qui contribue \u00e0 l&#8217;apport quotidien recommand\u00e9 en fibres. Elle contient m\u00eame <strong>11 fois plus de fibres qu&#8217;une p\u00e2te \u00e0 tartiner aux noisettes traditionnelle<\/strong> !<\/p>\n<p>La teneur \u00e9lev\u00e9e en fibres de la p\u00e2te \u00e0 tartiner aux noisettes Z\u00f9sto<strong> ralentit consid\u00e9rablement l&#8217;absorption du sucre pendant la digestion<\/strong>. Cela signifie que le glucose est moins vite absorb\u00e9 par l&#8217;organisme et lib\u00e9r\u00e9 lentement dans la circulation sanguine. Cela vous donne un <strong>apport \u00e9nerg\u00e9tique soutenu<\/strong> tout au long de la journ\u00e9e.<\/p>\n<p>Cette p\u00e2te \u00e0 tartiner aux noisettes combine des ann\u00e9es de recherche scientifique avec le savoir-faire de Z\u00f9sto pour une exp\u00e9rience gustative in\u00e9gal\u00e9e. <strong>C&#8217;est aussi pourquoi elle fait partie des p\u00e2tes \u00e0 tartiner aux noisettes les plus saines du march\u00e9 !<\/strong> Par son m\u00e9lange unique de fibres alimentaires, Z\u00f9sto contribue \u00e0 une alimentation plus saine et \u00e0 une bonne digestion.<\/p>\n<p>Z\u00f9sto contient \u00e9galement 50 % de graisses satur\u00e9es en moins, 86 % de sucres en moins par rapport aux p\u00e2tes \u00e0 tartiner aux noisettes traditionnelles et 0 % de sucres ajout\u00e9s. Elle est donc tout \u00e0 fait <strong>adapt\u00e9e aux diab\u00e9tiques et aux personnes en surpoids<\/strong>.<\/p>\n<p>Gr\u00e2ce \u00e0 Z\u00f9sto, vous pouvez profiter pleinement des douceurs de la vie. <strong>D\u00e9couvrez d\u00e8s maintenant la p\u00e2te \u00e0 tartiner aux noisettes de Z\u00f9sto !<\/strong><\/p>\n<h2>Pourquoi lan\u00e7ons-nous la p\u00e2te \u00e0 tartiner aux noisettes Z\u00f9sto ?<\/h2>\n<p><span style=\"font-weight: 400;\">Chez Z\u00f9sto, nous avons grandi avec un pot de p\u00e2te \u00e0 tartiner aux noisettes tous les matins au centre de la table du petit d\u00e9jeuner, nous nous gavions de la d\u00e9licieuse p\u00e2te grasse &amp; sucr\u00e9e des marques classiques et nous nous effondrions \u00e0 cause d\u2019hypoglyc\u00e9mie dans l&#8217;apr\u00e8s-midi quand nous \u00e9tions cens\u00e9s \u00eatre le plus productif.<\/span><\/p>\n<p><span style=\"font-weight: 400;\">Devenant adultes, nous avons cherch\u00e9 depuis des ann\u00e9es une p\u00e2te \u00e0 tartiner aux noisettes aussi qualitatif &amp; d\u00e9licieuse que les versions bomb\u00e9es de sucre, mais qui nous permette de passer une journ\u00e9e saine. Nous n&#8217;avons rien trouv\u00e9.<\/span><\/p>\n<p><span style=\"font-weight: 400;\">En nous renseignant sur l&#8217;industrie de la p\u00e2te \u00e0 tartiner aux noisettes, nous avons \u00e9t\u00e9 choqu\u00e9s par l&#8217;ampleur du probl\u00e8me. La p\u00e2te \u00e0 tartiner aux noisettes contient en Moyenne pas moins de 50 % de sucre ajout\u00e9. Avec une consommation moyenne de 37 grammes par jour (la quantit\u00e9 n\u00e9cessaire pour tartiner 2 tranches de pain), cela repr\u00e9sente 6,75 kg de sucre par an, et les enfants sont l&#8217;un des plus gros consommateurs. Pourtant, la quasi-totalit\u00e9 des produits propos\u00e9s dans les rayons restent fid\u00e8les au vieux paradigme des graisses, des glucides et du sucre.<\/span><\/p>\n<p><span style=\"font-weight: 400;\"><strong>Nous avons exp\u00e9riment\u00e9 pendant plus d&#8217;un an pour cr\u00e9er une p\u00e2te \u00e0 tartiner aux noisettes inspir\u00e9e par les saveurs et la nostalgie de notre ch\u00e8re p\u00e2te \u00e0 tartiner aux noisettes classique<\/strong>, mais am\u00e9lior\u00e9e pour les consommateurs du 21e si\u00e8cle. Une friandise sans culpabilit\u00e9 qui a le go\u00fbt de vos souvenirs et que vous (et vos enfants) pouvez manger \u00e0 tout moment de la journ\u00e9e.<\/span><\/p>\n<p><span style=\"font-weight: 400;\">Avec la p\u00e2te \u00e0 tartiner aux noisettes de Z\u00f9sto, <strong>nous avons remplac\u00e9 tous les sucres ajout\u00e9s par un m\u00e9lange sain de fibres alimentaires<\/strong>, fabriqu\u00e9 avec les meilleures noisettes.<\/span><\/p>\n<p><span style=\"font-weight: 400;\">Voil\u00e0 ce qu&#8217;est Z\u00f9sto &#8211; nous esp\u00e9rons que vous appr\u00e9cierez !<\/span><\/p>\n<\/div>\n<div class=\"fusion-text fusion-text-13\">\n<h3 class=\"fusion-responsive-typography-calculated\" data-fontsize=\"19\" data-lineheight=\"23.75px\">Ingr\u00e9dients<\/h3>\n<\/div>\n<div class=\"fusion-text fusion-text-14\">\n<p>Substitut de sucre (agent de charge (polydextrose), fibres d&#8217;origine v\u00e9g\u00e9tale, \u00e9dulcorants (\u00e9rythritol, isomalt, sucralose)), huile v\u00e9g\u00e9tale (tournesol, cacao), noisette 13 %, poudre de cacao \u00e9cr\u00e9m\u00e9, poudre de lait \u00e9cr\u00e9m\u00e9, \u00e9mulsifiant, l\u00e9cithine de soja, ar\u00f4mes.<\/p>\n<\/div>\n<div class=\"fusion-text fusion-text-15\">\n<h3 class=\"fusion-responsive-typography-calculated\" data-fontsize=\"19\" data-lineheight=\"23.75px\">Valeurs nutritionnelles (par 100 g)<\/h3>\n<p>\u00c9nergie : 1699 kJ \/ 406 kcal<\/p>\n<p>Graisses : 32,8 g<\/p>\n<p>&#8211; dont graisses satur\u00e9es : 6,6 g<\/p>\n<p>Glucides : 17 g<\/p>\n<p>&#8211; dont sucres : 5,5 g<\/p>\n<p>Fibres : 34,5 g<\/p>\n<p>Prot\u00e9ines : 3,5 g<\/p>\n<p>Sel : 0,1 g<\/p>\n<\/div>\n","protected":false},"excerpt":{"rendered":"<p>Nouveau chez Z\u00f9sto : notre p\u00e2te \u00e0 tartiner aux noisettes ! \ud83c\udf89<\/p>\n<ul>\n<li>50% de graisses satur\u00e9es en moins que les produits similaires<\/li>\n<li>11x plus de fibres que les produits similaires<\/li>\n<li>0% de sucre ajout\u00e9<\/li>\n<li>0% d\u2019huile de palme<\/li>\n<li>Garantie de satisfaction \u00e0 100%<\/li>\n<li>\n<div class=\"c-message_kit__gutter\">\n<div class=\"c-message_kit__gutter__right\" role=\"presentation\" data-qa=\"message_content\">\n<div class=\"c-message_kit__blocks c-message_kit__blocks--rich_text\">\n<div class=\"c-message__message_blocks c-message__message_blocks--rich_text\" data-qa=\"message-text\">\n<div class=\"p-block_kit_renderer\" data-qa=\"block-kit-renderer\">\n<div class=\"p-block_kit_renderer__block_wrapper p-block_kit_renderer__block_wrapper--first\">\n<div class=\"p-rich_text_block\" dir=\"auto\">\n<div class=\"p-rich_text_section\">Livraison end\u00e9ans les 2 \u00e0 3 jours ouvrables<\/div>\n<\/div>\n<\/div>\n<\/div>\n<\/div>\n<\/div>\n<\/div>\n<\/div>\n<\/li>\n<\/ul>\n","protected":false},"featured_media":42721,"comment_status":"open","ping_status":"closed","template":"","meta":{"_acf_changed":false,"_gspb_post_css":""},"product_cat":[756,214],"product_tag":[193,194],"product_brands":[],"class_list":{"0":"post-22712","1":"product","2":"type-product","3":"status-publish","4":"has-post-thumbnail","6":"product_cat-tous-les-produits","7":"product_cat-pate-a-tartiner","8":"product_tag-populair-fr","9":"product_tag-zusto-producten-fr","11":"first","12":"instock","13":"sale","14":"taxable","15":"shipping-taxable","16":"purchasable","17":"product-type-variable","18":"has-default-attributes"},"bundled_by":["47987","47456","47533","47428","49346"],"bundle_stock_status":"instock","bundle_stock_quantity":null,"bundle_virtual":false,"bundle_layout":"","bundle_add_to_cart_form_location":"","bundle_editable_in_cart":false,"bundle_sold_individually_context":"","bundle_item_grouping":"","bundle_min_size":"","bundle_max_size":"","bundle_price":[],"bundled_items":[],"bundle_sell_ids":[],"acf":[],"ct_brands":[],"_links":{"self":[{"href":"https:\/\/zusto.com\/fr\/wp-json\/wp\/v2\/product\/22712","targetHints":{"allow":["GET"]}}],"collection":[{"href":"https:\/\/zusto.com\/fr\/wp-json\/wp\/v2\/product"}],"about":[{"href":"https:\/\/zusto.com\/fr\/wp-json\/wp\/v2\/types\/product"}],"replies":[{"embeddable":true,"href":"https:\/\/zusto.com\/fr\/wp-json\/wp\/v2\/comments?post=22712"}],"wp:featuredmedia":[{"embeddable":true,"href":"https:\/\/zusto.com\/fr\/wp-json\/wp\/v2\/media\/42721"}],"wp:attachment":[{"href":"https:\/\/zusto.com\/fr\/wp-json\/wp\/v2\/media?parent=22712"}],"wp:term":[{"taxonomy":"product_cat","embeddable":true,"href":"https:\/\/zusto.com\/fr\/wp-json\/wp\/v2\/product_cat?post=22712"},{"taxonomy":"product_tag","embeddable":true,"href":"https:\/\/zusto.com\/fr\/wp-json\/wp\/v2\/product_tag?post=22712"},{"taxonomy":"product_brands","embeddable":true,"href":"https:\/\/zusto.com\/fr\/wp-json\/wp\/v2\/product_brands?post=22712"}],"curies":[{"name":"wp","href":"https:\/\/api.w.org\/{rel}","templated":true}]}}