{"id":27794,"date":"2024-03-25T10:21:06","date_gmt":"2023-12-04T09:22:30","guid":{"rendered":"https:\/\/zusto.com\/?post_type=product&#038;p=27794"},"modified":"2025-02-21T11:38:31","modified_gmt":"2025-02-21T10:38:31","slug":"advocaat-avec-zusto","status":"publish","type":"product","link":"https:\/\/zusto.com\/fr\/produit\/advocaat-avec-zusto\/","title":{"rendered":"Advocaat avec Z\u00f9sto"},"content":{"rendered":"<p><span style=\"font-weight: 400;\">Laissez-vous enchanter par notre d\u00e9licieux advocaat artisanal. Nous avons remplac\u00e9 le sucre classique par du Z\u00f9sto. Le Z\u00f9sto est le substitut ultime du sucre qui vous donne un go\u00fbt d\u00e9licieusement sucr\u00e9, sans faire de compromis sur la sant\u00e9. Nous offrons donc un go\u00fbt sucr\u00e9 traditionnel, mais avec une touche moderne et plus saine !\u00a0<\/span><\/p>\n<p><span style=\"font-weight: 400;\">Chez Z\u00f9sto, tout tourne autour de l&#8217;innovation et de l&#8217;\u00e9quilibre, avec une attention particuli\u00e8re aux ingr\u00e9dients de la meilleure qualit\u00e9. Notre formule brevet\u00e9e contient pr\u00e8s de 70 % de fibres saines, soigneusement s\u00e9lectionn\u00e9es non seulement pour cr\u00e9er une saveur d\u00e9licieuse, mais aussi pour vous offrir une friandise savoureuse et facilement digestible. En fait, notre advocaat contient un impressionnant 25 % de fibres saines ! Plus de culpabilit\u00e9, seulement du pur plaisir !\u00a0<\/span><\/p>\n<p><span style=\"font-weight: 400;\">Avec chaque cuiller\u00e9e de notre advocaat Z\u00f9sto, vous go\u00fbterez la parfaite harmonie entre tradition et progr\u00e8s. Produit avec de la vraie vanille, la texture riche et cr\u00e9meuse enveloppe vos papilles, tandis que son go\u00fbt soyeux vous emm\u00e8ne dans un voyage de pure indulgence. Oubliez le sucre traditionnel, car Z\u00f9sto offre le m\u00eame go\u00fbt, sans les calories suppl\u00e9mentaires.<\/span><\/p>\n<p><span style=\"font-weight: 400;\">Mais ce n&#8217;est pas tout \u2014 notre advocaat Z\u00f9sto est aussi incroyablement polyvalent ! Utilisez-le comme une garniture d\u00e9cadente pour les desserts, les gaufres et les cr\u00eapes, ou comme l&#8217;ingr\u00e9dient secret dans vos recettes de p\u00e2tisserie pr\u00e9f\u00e9r\u00e9es. Les possibilit\u00e9s sont infinies, et le go\u00fbt est irr\u00e9sistible.<\/span><\/p>\n<p><span style=\"font-weight: 400;\">Pr\u00eat \u00e0 faire plaisir \u00e0 vos proches et \u00e0 vous-m\u00eame avec une d\u00e9licieuse friandise, pleine de fibres saines ? D\u00e9couvrez vite notre advocaat de Z\u00f9sto et profitez du meilleur des deux mondes. Apr\u00e8s tout, chez Z\u00f9sto, douceur et sant\u00e9 vont de pair. Commandez maintenant et commencez \u00e0 vous indulger!<\/span><\/p>\n","protected":false},"excerpt":{"rendered":"<ul>\n<li style=\"font-weight: 400;\" aria-level=\"1\"><span style=\"font-weight: 400;\">100 % Sucr\u00e9 avec Z\u00f9sto<\/span><\/li>\n<li aria-level=\"1\">200g Advocaat avec Z\u00f9sto<\/li>\n<li style=\"font-weight: 400;\" aria-level=\"1\"><span style=\"font-weight: 400;\">100 % Go\u00fbt<\/span><\/li>\n<li style=\"font-weight: 400;\" aria-level=\"1\"><span style=\"font-weight: 400;\">25 % Fibres Alimentaires Saines<\/span><\/li>\n<\/ul>\n","protected":false},"featured_media":28426,"comment_status":"open","ping_status":"closed","template":"","meta":{"_acf_changed":false,"_gspb_post_css":""},"product_cat":[212,756],"product_tag":[194],"product_brands":[],"class_list":{"0":"post-27794","1":"product","2":"type-product","3":"status-publish","4":"has-post-thumbnail","6":"product_cat-desserts-fr","7":"product_cat-tous-les-produits","8":"product_tag-zusto-producten-fr","10":"first","11":"instock","12":"taxable","13":"shipping-taxable","14":"purchasable","15":"product-type-simple"},"bundled_by":[],"bundle_stock_status":"instock","bundle_stock_quantity":null,"bundle_virtual":false,"bundle_layout":"","bundle_add_to_cart_form_location":"","bundle_editable_in_cart":false,"bundle_sold_individually_context":"","bundle_item_grouping":"","bundle_min_size":"","bundle_max_size":"","bundle_price":[],"bundled_items":[],"bundle_sell_ids":[],"acf":[],"ct_brands":[],"_links":{"self":[{"href":"https:\/\/zusto.com\/fr\/wp-json\/wp\/v2\/product\/27794","targetHints":{"allow":["GET"]}}],"collection":[{"href":"https:\/\/zusto.com\/fr\/wp-json\/wp\/v2\/product"}],"about":[{"href":"https:\/\/zusto.com\/fr\/wp-json\/wp\/v2\/types\/product"}],"replies":[{"embeddable":true,"href":"https:\/\/zusto.com\/fr\/wp-json\/wp\/v2\/comments?post=27794"}],"wp:featuredmedia":[{"embeddable":true,"href":"https:\/\/zusto.com\/fr\/wp-json\/wp\/v2\/media\/28426"}],"wp:attachment":[{"href":"https:\/\/zusto.com\/fr\/wp-json\/wp\/v2\/media?parent=27794"}],"wp:term":[{"taxonomy":"product_cat","embeddable":true,"href":"https:\/\/zusto.com\/fr\/wp-json\/wp\/v2\/product_cat?post=27794"},{"taxonomy":"product_tag","embeddable":true,"href":"https:\/\/zusto.com\/fr\/wp-json\/wp\/v2\/product_tag?post=27794"},{"taxonomy":"product_brands","embeddable":true,"href":"https:\/\/zusto.com\/fr\/wp-json\/wp\/v2\/product_brands?post=27794"}],"curies":[{"name":"wp","href":"https:\/\/api.w.org\/{rel}","templated":true}]}}