{"id":29253,"date":"2024-01-29T14:58:04","date_gmt":"2024-01-29T13:58:05","guid":{"rendered":"https:\/\/zusto.com\/?post_type=product&#038;p=29253"},"modified":"2026-01-23T12:25:56","modified_gmt":"2026-01-23T11:25:56","slug":"zusto-melocakes-24pcs","status":"publish","type":"product","link":"https:\/\/zusto.com\/fr\/produit\/zusto-melocakes-24pcs\/","title":{"rendered":"Z\u00f9sto Melocakes (24pcs)"},"content":{"rendered":"<h3>D\u00e9couvrez Nos Z\u00f9sto Melocakes en Format Petites Bouch\u00e9es : Un D\u00e9lice C\u00e9leste \u00e0 Emporter !<\/h3>\n<p><span style=\"font-weight: 400;\">Chez Z\u00f9sto, nous sommes ravis de d\u00e9voiler notre derni\u00e8re cr\u00e9ation : les Z\u00f9sto Melocakes en format petites bouch\u00e9es. D\u00e9velopp\u00e9s avec amour et savoir-faire par Stephan Destrooper, petit-fils du c\u00e9l\u00e8bre fabricant de biscuits Jules Destrooper, nos Melocakes offrent une exp\u00e9rience gustative in\u00e9gal\u00e9e que vous n&#8217;oublierez pas de sit\u00f4t.<\/span><\/p>\n<h3>Qu&#8217;est-ce qui rend nos Melocakes si sp\u00e9ciaux ?<\/h3>\n<ol>\n<li style=\"font-weight: 400;\" aria-level=\"1\"><b>Maitrise Artisanale :<\/b><span style=\"font-weight: 400;\"> Chaque Melocake est impr\u00e9gn\u00e9 d&#8217;un savoir-faire pur. Stephan Destrooper a mis \u00e0 profit ses ann\u00e9es d&#8217;exp\u00e9rience pour cr\u00e9er une p\u00e2tisserie raffin\u00e9e et d\u00e9licieuse qui captive les sens.<\/span><\/li>\n<li aria-level=\"1\"><span style=\"font-weight: 400;\"><strong>Confort On the Go :<\/strong> Emball\u00e9es dans des portions individuelles pratiques, nos Melocakes en format petites bouch\u00e9es sont id\u00e9ales pour une collation \u00e0 emporter. Profitez du go\u00fbt d\u00e9licieux n&#8217;importe o\u00f9 sans compromettre le savoir-faire artisanal que repr\u00e9sente Z\u00f9sto.<\/span><\/li>\n<li style=\"font-weight: 400;\" aria-level=\"1\"><b>Z\u00f9sto &#8211; La Touche Saine :<\/b><span style=\"font-weight: 400;\"> Ce qui rend nos Melocakes si sp\u00e9ciaux, c&#8217;est l&#8217;utilisation de Z\u00f9sto comme substitut du sucre aussi bien pour la meringue que pour le biscuit croustillant, ainsi que l&#8217;utilisation de nos Z\u00f9sto Milk Chocolate Callets. Cela fait en sorte que le produit soit d\u00e9sormais compos\u00e9 \u00e0 30 % de fibres alimentaires pr\u00e9biotiques saines. Savourez le go\u00fbt d\u00e9licieux sans vous soucier des sucres ajout\u00e9s.<\/span><\/li>\n<\/ol>\n<p><span style=\"font-weight: 400;\">Faites-vous plaisir ou surprenez un ami avec cette friandise unique \u00e0 emporter, astucieusement emball\u00e9e dans une bo\u00eete de 24, vous assurant de ne jamais \u00eatre \u00e0 court ! Commandez d\u00e8s maintenant vos Z\u00f9sto Melocakes en format petites bouch\u00e9es directement sur notre site web et laissez-vous enchanter par la combinaison parfaite de savoir-faire, de saveur et de sant\u00e9.<\/span><\/p>\n<p><span style=\"font-weight: 400;\">D\u00e9couvrez la magie des Z\u00f9sto Melocakes en format petites bouch\u00e9es et offrez \u00e0 vos papilles gustatives la friandise qu&#8217;elles m\u00e9ritent !<\/span><\/p>\n","protected":false},"excerpt":{"rendered":"<ul type=\"disc\">\n<li>27,4 % de fibres saines (pr\u00e9biotiques)<\/li>\n<li>24 x 22g Z\u00f9sto Melocakes (528g)<\/li>\n<li>88 % de sucres en moins<\/li>\n<li>Sucr\u00e9 avec Z\u00f9sto<\/li>\n<li>Emball\u00e9s s\u00e9par\u00e9ment, ils sont id\u00e9aux pour le go\u00fbter \u201con the go\u201d<\/li>\n<li>D\u00e9velopp\u00e9 par <a href=\"https:\/\/www.stephandestrooper.be\/patissier\/\" target=\"_blank\" rel=\"noopener\">Stephan Destrooper<\/a><\/li>\n<li>Melocakes en bouch\u00e9es<\/li>\n<li>Emballage unique pratique<\/li>\n<\/ul>\n<p><strong>Note : temp\u00e9ratures \u00e9lev\u00e9es et chocolat<\/strong><br \/>\nPour vous garantir la meilleure qualit\u00e9, nous n&#8217;exp\u00e9dions pas nos produits chocolat\u00e9s par d\u00e9faut pendant les journ\u00e9es d&#8217;\u00e9t\u00e9 tr\u00e8s chaudes. Vous souhaitez tout de m\u00eame passer commande ? Bien s\u00fbr ! Veuillez noter que tout dommage d\u00fb \u00e0 la fonte du chocolat en raison de temp\u00e9ratures \u00e9lev\u00e9es est \u00e0 vos risques et p\u00e9rils.<\/p>\n","protected":false},"featured_media":29258,"comment_status":"open","ping_status":"closed","template":"","meta":{"_acf_changed":false,"_gspb_post_css":""},"product_cat":[756,213],"product_tag":[193,194],"product_brands":[],"class_list":{"0":"post-29253","1":"product","2":"type-product","3":"status-publish","4":"has-post-thumbnail","6":"product_cat-tous-les-produits","7":"product_cat-snacks-fr","8":"product_tag-populair-fr","9":"product_tag-zusto-producten-fr","11":"first","12":"instock","13":"featured","14":"taxable","15":"shipping-taxable","16":"purchasable","17":"product-type-simple"},"bundled_by":[],"bundle_stock_status":"instock","bundle_stock_quantity":null,"bundle_virtual":false,"bundle_layout":"","bundle_add_to_cart_form_location":"","bundle_editable_in_cart":false,"bundle_sold_individually_context":"","bundle_item_grouping":"","bundle_min_size":"","bundle_max_size":"","bundle_price":[],"bundled_items":[],"bundle_sell_ids":[],"acf":[],"ct_brands":[],"_links":{"self":[{"href":"https:\/\/zusto.com\/fr\/wp-json\/wp\/v2\/product\/29253","targetHints":{"allow":["GET"]}}],"collection":[{"href":"https:\/\/zusto.com\/fr\/wp-json\/wp\/v2\/product"}],"about":[{"href":"https:\/\/zusto.com\/fr\/wp-json\/wp\/v2\/types\/product"}],"replies":[{"embeddable":true,"href":"https:\/\/zusto.com\/fr\/wp-json\/wp\/v2\/comments?post=29253"}],"wp:featuredmedia":[{"embeddable":true,"href":"https:\/\/zusto.com\/fr\/wp-json\/wp\/v2\/media\/29258"}],"wp:attachment":[{"href":"https:\/\/zusto.com\/fr\/wp-json\/wp\/v2\/media?parent=29253"}],"wp:term":[{"taxonomy":"product_cat","embeddable":true,"href":"https:\/\/zusto.com\/fr\/wp-json\/wp\/v2\/product_cat?post=29253"},{"taxonomy":"product_tag","embeddable":true,"href":"https:\/\/zusto.com\/fr\/wp-json\/wp\/v2\/product_tag?post=29253"},{"taxonomy":"product_brands","embeddable":true,"href":"https:\/\/zusto.com\/fr\/wp-json\/wp\/v2\/product_brands?post=29253"}],"curies":[{"name":"wp","href":"https:\/\/api.w.org\/{rel}","templated":true}]}}