{"id":29654,"date":"2024-02-09T16:30:59","date_gmt":"2024-02-09T15:30:59","guid":{"rendered":"https:\/\/zusto.com\/product\/zusto-pure-chocolade-tablet-5-plus-1\/"},"modified":"2025-06-17T13:22:03","modified_gmt":"2025-06-17T11:22:03","slug":"zusto-tablette-de-chocolat-noir-5-plus-1","status":"publish","type":"product","link":"https:\/\/zusto.com\/fr\/produit\/zusto-tablette-de-chocolat-noir-5-plus-1\/","title":{"rendered":"Z\u00f9sto Tablette de Chocolat Noir (5+1 gratuit)"},"content":{"rendered":"<p><span style=\"font-weight: 400;\">Laissez-vous s\u00e9duire par le go\u00fbt riche et d\u00e9cadent de notre Tablette de Chocolat Noir, un v\u00e9ritable d\u00e9lice pour les amateurs de chocolat. <\/span><span style=\"font-weight: 400;\">Ce chocolat a \u00e9t\u00e9 pr\u00e9par\u00e9 avec soin et amour, en utilisant l&#8217;innovation : le sucre a \u00e9t\u00e9 remplac\u00e9 par le substitut de sucre r\u00e9volutionnaire Z\u00f9sto, sans compromis sur le go\u00fbt.<\/span><span style=\"font-weight: 400;\"> Le r\u00e9sultat est un chocolat noir exquis avec pr\u00e8s de 34% de fibres, lui attribuant un Nutri-Score C. Retrouvez la m\u00eame texture, la m\u00eame onctuosit\u00e9 en bouche et la m\u00eame satisfaction que le chocolat noir traditionnel, mais avec moins de calories et sans sucre ajout\u00e9.<\/span><\/p>\n","protected":false},"excerpt":{"rendered":"<ul>\n<li>6 x 100 g Z\u00f9sto\u00ae Tablette de Chocolat Noir<\/li>\n<li>Nutri-Score C<\/li>\n<li><span style=\"font-weight: 400;\">34% de fibres saines (pr\u00e9biotiques)<\/span><\/li>\n<li>98% moins de sucre<\/li>\n<\/ul>\n<p>D\u00e9couvrez \u00e9galement notre <a href=\"https:\/\/zusto.com\/fr\/produit\/zusto-tablette-de-chocolat-au-lait-5-plus-1\/\">6 x Z\u00f9sto Tablette de Chocolat au Lait<\/a>.<\/p>\n<p><strong>Note : temp\u00e9ratures \u00e9lev\u00e9es et chocolat<\/strong><br \/>\nPour vous garantir la meilleure qualit\u00e9, nous n&#8217;exp\u00e9dions pas nos produits chocolat\u00e9s par d\u00e9faut pendant les journ\u00e9es d&#8217;\u00e9t\u00e9 tr\u00e8s chaudes. Vous souhaitez tout de m\u00eame passer commande ? Bien s\u00fbr ! Veuillez noter que tout dommage d\u00fb \u00e0 la fonte du chocolat en raison de temp\u00e9ratures \u00e9lev\u00e9es est \u00e0 vos risques et p\u00e9rils.<\/p>\n","protected":false},"featured_media":29615,"comment_status":"open","ping_status":"closed","template":"","meta":{"_acf_changed":false,"_gspb_post_css":""},"product_cat":[210,211,756],"product_tag":[192,193],"product_brands":[],"class_list":{"0":"post-29654","1":"product","2":"type-product","3":"status-publish","4":"has-post-thumbnail","6":"product_cat-chocolat","7":"product_cat-offres","8":"product_cat-tous-les-produits","9":"product_tag-combo-deals-fr","10":"product_tag-populair-fr","12":"first","13":"instock","14":"sale","15":"taxable","16":"shipping-taxable","17":"purchasable","18":"product-type-simple"},"bundled_by":[],"bundle_stock_status":"instock","bundle_stock_quantity":null,"bundle_virtual":false,"bundle_layout":"","bundle_add_to_cart_form_location":"","bundle_editable_in_cart":false,"bundle_sold_individually_context":"","bundle_item_grouping":"","bundle_min_size":"","bundle_max_size":"","bundle_price":[],"bundled_items":[],"bundle_sell_ids":[],"acf":[],"ct_brands":[],"_links":{"self":[{"href":"https:\/\/zusto.com\/fr\/wp-json\/wp\/v2\/product\/29654","targetHints":{"allow":["GET"]}}],"collection":[{"href":"https:\/\/zusto.com\/fr\/wp-json\/wp\/v2\/product"}],"about":[{"href":"https:\/\/zusto.com\/fr\/wp-json\/wp\/v2\/types\/product"}],"replies":[{"embeddable":true,"href":"https:\/\/zusto.com\/fr\/wp-json\/wp\/v2\/comments?post=29654"}],"wp:featuredmedia":[{"embeddable":true,"href":"https:\/\/zusto.com\/fr\/wp-json\/wp\/v2\/media\/29615"}],"wp:attachment":[{"href":"https:\/\/zusto.com\/fr\/wp-json\/wp\/v2\/media?parent=29654"}],"wp:term":[{"taxonomy":"product_cat","embeddable":true,"href":"https:\/\/zusto.com\/fr\/wp-json\/wp\/v2\/product_cat?post=29654"},{"taxonomy":"product_tag","embeddable":true,"href":"https:\/\/zusto.com\/fr\/wp-json\/wp\/v2\/product_tag?post=29654"},{"taxonomy":"product_brands","embeddable":true,"href":"https:\/\/zusto.com\/fr\/wp-json\/wp\/v2\/product_brands?post=29654"}],"curies":[{"name":"wp","href":"https:\/\/api.w.org\/{rel}","templated":true}]}}