{"id":31446,"date":"2024-05-07T11:44:30","date_gmt":"2024-05-07T09:44:30","guid":{"rendered":"https:\/\/zusto.com\/product\/zusto-granola-chocolade-framboos\/"},"modified":"2025-02-21T11:24:36","modified_gmt":"2025-02-21T10:24:36","slug":"zusto-granola-chocolat-framboise","status":"publish","type":"product","link":"https:\/\/zusto.com\/fr\/produit\/zusto-granola-chocolat-framboise\/","title":{"rendered":"Z\u00f9sto Granola &#8211; Chocolat &#038; Framboise"},"content":{"rendered":"<h3><b>Z\u00f9sto Granola au chocolat noir et \u00e0 la framboise<\/b><\/h3>\n<p><span style=\"font-weight: 400;\">Offrez-vous notre derni\u00e8re cr\u00e9ation : du granola au chocolat noir et aux framboises de Z\u00f9sto. Nous avons cr\u00e9\u00e9 un m\u00e9lange d\u00e9licieux qui ne se contente pas de satisfaire vos papilles gustatives, mais qui stimule \u00e9galement votre sant\u00e9. Ce granola n&#8217;est pas seulement un petit-d\u00e9jeuner, c&#8217;est une source d&#8217;\u00e9nergie saine et de vitalit\u00e9 pour toute la journ\u00e9e.<\/span><\/p>\n<p><b>Ingr\u00e9dients sains, go\u00fbt irr\u00e9sistible<\/b><\/p>\n<p><span style=\"font-weight: 400;\">Notre granola est une combinaison savoureuse de chocolat noir intense (de Z\u00f9sto) et de framboises rafra\u00eechissantes. Mais ce qui le rend vraiment sp\u00e9cial, c&#8217;est ce qu&#8217;il ne contient pas : du sucre. Nous avons remplac\u00e9 le sucre traditionnel par le substitut de sucre de Z\u00f9sto. Ainsi, ce granola contient plus de 23 % de fibres pr\u00e9biotiques saines, qui favorisent une digestion et une flore intestinale saines. Un r\u00e9gal qui n&#8217;est pas seulement savoureux, mais aussi bon pour la sant\u00e9.<\/span><\/p>\n<p><b>Sans gluten et nutritif<\/b><\/p>\n<p><span style=\"font-weight: 400;\">Nous comprenons qu&#8217;une alimentation saine doit \u00eatre accessible \u00e0 tous, c&#8217;est pourquoi notre granola est totalement exempt de gluten. Que vous souffriez d&#8217;une intol\u00e9rance au gluten ou que vous soyez simplement soucieux de votre alimentation, ce granola s&#8217;int\u00e8gre parfaitement \u00e0 votre r\u00e9gime.<\/span><\/p>\n<p><b>Commencez votre journ\u00e9e sainement et fra\u00eechement<\/b><\/p>\n<p><span style=\"font-weight: 400;\">Que vous commenciez la journ\u00e9e par un petit-d\u00e9jeuner copieux ou que vous appr\u00e9ciiez une collation saine entre les deux, notre Z\u00f9sto Granola au chocolat et \u00e0 la framboise est le choix id\u00e9al.\u00a0<\/span><\/p>\n<p><span style=\"font-weight: 400;\">La fa\u00e7on id\u00e9ale de commencer la journ\u00e9e de fa\u00e7on saine et fra\u00eeche, sans sucres ajout\u00e9s, et pleine de saveur et de nutriments sains.<\/span><\/p>\n<p><span style=\"font-weight: 400;\">Bon app\u00e9tit!<\/span><\/p>\n<p><b>Ajoutez-le \u00e0 votre panier et profitez d&#8217;un d\u00e9but de journ\u00e9e savoureux et sain !<\/b><\/p>\n","protected":false},"excerpt":{"rendered":"<ul>\n<li><span style=\"font-weight: 400;\">300 g Z\u00f9sto\u00ae Granola au chocolat et aux framboises<\/span><\/li>\n<li><span style=\"font-weight: 400;\">Sans gluten<\/span><\/li>\n<li><span style=\"font-weight: 400;\">Sucr\u00e9 avec 14% de substitut de sucre Z\u00f9sto\u00ae.<\/span><\/li>\n<li><span style=\"font-weight: 400;\">Contient pas moins de 8% de chocolat noir Z\u00f9sto\u00ae.<\/span><\/li>\n<\/ul>\n","protected":false},"featured_media":31479,"comment_status":"open","ping_status":"closed","template":"","meta":{"_acf_changed":false,"_gspb_post_css":""},"product_cat":[756,209],"product_tag":[194],"product_brands":[],"class_list":{"0":"post-31446","1":"product","2":"type-product","3":"status-publish","4":"has-post-thumbnail","6":"product_cat-tous-les-produits","7":"product_cat-cereales","8":"product_tag-zusto-producten-fr","10":"first","11":"instock","12":"sale","13":"taxable","14":"shipping-taxable","15":"purchasable","16":"product-type-variable","17":"has-default-attributes"},"bundled_by":["47533"],"bundle_stock_status":"instock","bundle_stock_quantity":null,"bundle_virtual":false,"bundle_layout":"","bundle_add_to_cart_form_location":"","bundle_editable_in_cart":false,"bundle_sold_individually_context":"","bundle_item_grouping":"","bundle_min_size":"","bundle_max_size":"","bundle_price":[],"bundled_items":[],"bundle_sell_ids":[],"acf":[],"ct_brands":[],"_links":{"self":[{"href":"https:\/\/zusto.com\/fr\/wp-json\/wp\/v2\/product\/31446","targetHints":{"allow":["GET"]}}],"collection":[{"href":"https:\/\/zusto.com\/fr\/wp-json\/wp\/v2\/product"}],"about":[{"href":"https:\/\/zusto.com\/fr\/wp-json\/wp\/v2\/types\/product"}],"replies":[{"embeddable":true,"href":"https:\/\/zusto.com\/fr\/wp-json\/wp\/v2\/comments?post=31446"}],"wp:featuredmedia":[{"embeddable":true,"href":"https:\/\/zusto.com\/fr\/wp-json\/wp\/v2\/media\/31479"}],"wp:attachment":[{"href":"https:\/\/zusto.com\/fr\/wp-json\/wp\/v2\/media?parent=31446"}],"wp:term":[{"taxonomy":"product_cat","embeddable":true,"href":"https:\/\/zusto.com\/fr\/wp-json\/wp\/v2\/product_cat?post=31446"},{"taxonomy":"product_tag","embeddable":true,"href":"https:\/\/zusto.com\/fr\/wp-json\/wp\/v2\/product_tag?post=31446"},{"taxonomy":"product_brands","embeddable":true,"href":"https:\/\/zusto.com\/fr\/wp-json\/wp\/v2\/product_brands?post=31446"}],"curies":[{"name":"wp","href":"https:\/\/api.w.org\/{rel}","templated":true}]}}