{"id":31858,"date":"2024-06-04T13:31:21","date_gmt":"2024-06-04T11:31:23","guid":{"rendered":"https:\/\/zusto.com\/?post_type=product&#038;p=31858"},"modified":"2024-11-14T14:38:07","modified_gmt":"2024-11-14T13:38:07","slug":"zusto-box-granola","status":"publish","type":"product","link":"https:\/\/zusto.com\/fr\/produit\/zusto-box-granola\/","title":{"rendered":"Z\u00f9sto Box Granola (5+1 Gratuit)"},"content":{"rendered":"<p><b>R\u00e9volutionnez votre petit-d\u00e9jeuner avec la bo\u00eete de Granola Z\u00f9sto (5+1 gratuit)<\/b><\/p>\n<p><span style=\"font-weight: 400;\">Nous vous pr\u00e9sentons notre offre combin\u00e9e sp\u00e9ciale: la Bo\u00eete de Granola Z\u00f9sto, o\u00f9 le plaisir rencontre la sant\u00e9. Plongez dans un monde de d\u00e9lices avec 3 sachets de Granola Z\u00f9sto aux Framboises &amp; Chocolat et 3 sachets de Granola Z\u00f9sto au Chocolat &amp; Noix. Et la cerise sur le g\u00e2teau? Payez pour 5 et obtenez-en 1 totalement gratuit !<\/span><\/p>\n<p><b>Pourquoi choisir Granola Z\u00f9sto ?<\/b><\/p>\n<p><span style=\"font-weight: 400;\">D\u00e9couvrez une mani\u00e8re sans remords de profiter de vos matin\u00e9es. Le Granola Z\u00f9sto est sucr\u00e9 d&#8217;une mani\u00e8re unique avec un m\u00e9lange sain de fibres, rel\u00e9guant le sucre au pass\u00e9. Avec un contenu riche en fibres de plus de 20% et sans sucres ajout\u00e9s, chaque bouch\u00e9e soutient un style de vie plus sain. De plus, nous r\u00e9pondons aux besoins de tous avec notre promesse sans gluten.<\/span><\/p>\n<p><b>Une exp\u00e9rience gustative sans pareille<\/b><\/p>\n<ul>\n<li style=\"font-weight: 400;\" aria-level=\"1\"><b>Chocolat &amp; Noix<\/b> <span style=\"font-weight: 400;\">: Partez en voyage gustatif avec les notes riches et am\u00e8res du chocolat parfaitement compl\u00e9t\u00e9es par les nuances terreuses de noix croquantes.<\/span><\/li>\n<li style=\"font-weight: 400;\" aria-level=\"1\"><b>Framboise &amp; Chocolat<\/b> <span style=\"font-weight: 400;\">: Exp\u00e9rimentez l&#8217;\u00e9clat rafra\u00eechissant de framboise, son zeste citrique, se m\u00ealant \u00e0 la sublime amertume du chocolat pour une symphonie de saveurs.<\/span><\/li>\n<\/ul>\n<p><b>Ne manquez pas cette occasion !<\/b><\/p>\n<p><span style=\"font-weight: 400;\">Saisissez d\u00e8s aujourd&#8217;hui cette offre exclusive de la Bo\u00eete de Granola Z\u00f9sto. Offrez-vous une symphonie de saveurs et les immenses bienfaits pour la sant\u00e9 contenus dans chaque bouch\u00e9e de granola. C&#8217;est bien plus qu&#8217;un aliment de petit-d\u00e9jeuner; c&#8217;est un rituel de bien-\u00eatre quotidien qui n&#8217;attend qu&#8217;\u00e0 \u00eatre d\u00e9couvert.<\/span><\/p>\n","protected":false},"excerpt":{"rendered":"<ul>\n<li>3x 300 g Z\u00f9sto Granola \u2013 Framboise &amp; Chocolat<\/li>\n<li>3x 300 g Z\u00f9sto Granola \u2013 Chocolat &amp; Noix<\/li>\n<li><span style=\"font-weight: 400;\"> Pack \u00e9conomique<\/span><\/li>\n<li><span style=\"font-weight: 400;\"> Sans gluten<\/span><\/li>\n<li><span style=\"font-weight: 400;\"> Sucr\u00e9 avec Z\u00f9sto\u00ae<\/span><\/li>\n<\/ul>\n","protected":false},"featured_media":31869,"comment_status":"open","ping_status":"closed","template":"","meta":{"_acf_changed":false,"_gspb_post_css":""},"product_cat":[209,211,756],"product_tag":[192],"product_brands":[],"class_list":{"0":"post-31858","1":"product","2":"type-product","3":"status-publish","4":"has-post-thumbnail","6":"product_cat-cereales","7":"product_cat-offres","8":"product_cat-tous-les-produits","9":"product_tag-combo-deals-fr","11":"first","12":"instock","13":"sale","14":"taxable","15":"shipping-taxable","16":"purchasable","17":"product-type-simple"},"bundled_by":[],"bundle_stock_status":"instock","bundle_stock_quantity":null,"bundle_virtual":false,"bundle_layout":"","bundle_add_to_cart_form_location":"","bundle_editable_in_cart":false,"bundle_sold_individually_context":"","bundle_item_grouping":"","bundle_min_size":"","bundle_max_size":"","bundle_price":[],"bundled_items":[],"bundle_sell_ids":[],"acf":[],"ct_brands":[],"_links":{"self":[{"href":"https:\/\/zusto.com\/fr\/wp-json\/wp\/v2\/product\/31858","targetHints":{"allow":["GET"]}}],"collection":[{"href":"https:\/\/zusto.com\/fr\/wp-json\/wp\/v2\/product"}],"about":[{"href":"https:\/\/zusto.com\/fr\/wp-json\/wp\/v2\/types\/product"}],"replies":[{"embeddable":true,"href":"https:\/\/zusto.com\/fr\/wp-json\/wp\/v2\/comments?post=31858"}],"wp:featuredmedia":[{"embeddable":true,"href":"https:\/\/zusto.com\/fr\/wp-json\/wp\/v2\/media\/31869"}],"wp:attachment":[{"href":"https:\/\/zusto.com\/fr\/wp-json\/wp\/v2\/media?parent=31858"}],"wp:term":[{"taxonomy":"product_cat","embeddable":true,"href":"https:\/\/zusto.com\/fr\/wp-json\/wp\/v2\/product_cat?post=31858"},{"taxonomy":"product_tag","embeddable":true,"href":"https:\/\/zusto.com\/fr\/wp-json\/wp\/v2\/product_tag?post=31858"},{"taxonomy":"product_brands","embeddable":true,"href":"https:\/\/zusto.com\/fr\/wp-json\/wp\/v2\/product_brands?post=31858"}],"curies":[{"name":"wp","href":"https:\/\/api.w.org\/{rel}","templated":true}]}}