{"id":32556,"date":"2024-08-14T18:50:22","date_gmt":"2024-08-14T16:51:42","guid":{"rendered":"https:\/\/zusto.com\/?post_type=product&#038;p=32556"},"modified":"2025-10-29T01:02:55","modified_gmt":"2025-10-29T00:02:55","slug":"sucettes-zusto","status":"publish","type":"product","link":"https:\/\/zusto.com\/fr\/produit\/sucettes-zusto\/","title":{"rendered":"Sucettes Z\u00f9sto (6x25g)"},"content":{"rendered":"<p><span style=\"font-weight: 400;\">D\u00e9couvrez une nouvelle \u00e8re de plaisir sans culpabilit\u00e9 avec les\u00a0<\/span><b>Sucettes de<\/b> <b>Z\u00f9sto<\/b><span style=\"font-weight: 400;\">. Soigneusement \u00e9labor\u00e9es avec notre substitut de sucre r\u00e9volutionnaire et brevet\u00e9, ces sucettes sont une friandise d\u00e9licieuse qui allie sant\u00e9 et go\u00fbt.<\/span><\/p>\n<h3><b>Principaux avantages<\/b><\/h3>\n<ul>\n<li style=\"font-weight: 400;\" aria-level=\"1\"><b>Douceur innovante :<\/b><span style=\"font-weight: 400;\">\u00a0Fabriqu\u00e9es avec notre substitut de sucre exclusif, ces sucettes ont le m\u00eame go\u00fbt que les friandises traditionnelles sucr\u00e9es, offrant une douceur satisfaisante sans les impacts n\u00e9gatifs du sucre.<\/span><\/li>\n<li style=\"font-weight: 400;\" aria-level=\"1\"><b>Choix sain :<\/b><span style=\"font-weight: 400;\">\u00a0Chaque sucette contient environ 70% de fibres alimentaires saines, contribuant \u00e0 votre apport quotidien en fibres de mani\u00e8re d\u00e9licieuse.<\/span><\/li>\n<li style=\"font-weight: 400;\" aria-level=\"1\"><b>Faible en calories :<\/b><span style=\"font-weight: 400;\">\u00a0Avec 75% de calories en moins que les principales marques de sucettes, les Sucettes de Z\u00f9sto vous permettent de profiter d&#8217;une friandise sucr\u00e9e sans compromettre vos objectifs di\u00e9t\u00e9tiques.<\/span><\/li>\n<li style=\"font-weight: 400;\" aria-level=\"1\"><b>Sans sucre ajout\u00e9 :<\/b><span style=\"font-weight: 400;\">\u00a0Sans sucre ajout\u00e9, ces sucettes sont parfaites pour ceux qui cherchent \u00e0 r\u00e9duire leur consommation de sucre tout en profitant d&#8217;une collation savoureuse.<\/span><\/li>\n<li style=\"font-weight: 400;\" aria-level=\"1\"><b>Sans danger pour les dents :<\/b><span style=\"font-weight: 400;\">\u00a0Contrairement aux sucettes traditionnelles \u00e0 base de sucre, les Sucettes de Z\u00f9sto ne favorisent pas la carie dentaire, ce qui en fait un meilleur choix pour la sant\u00e9 dentaire, surtout pour les enfants.<\/span><\/li>\n<\/ul>\n<h3><b>D\u00e9tails du produit<\/b><\/h3>\n<ul>\n<li style=\"font-weight: 400;\" aria-level=\"1\"><b>Taille du pack :<\/b><span style=\"font-weight: 400;\">\u00a0Un pack contient 6 sucettes.<\/span><\/li>\n<li style=\"font-weight: 400;\" aria-level=\"1\"><b>Poids :<\/b><span style=\"font-weight: 400;\"> Chaque sucette p\u00e8se 25g.<\/span><\/li>\n<li style=\"font-weight: 400;\" aria-level=\"1\"><b>Ingr\u00e9dients :<\/b>\u00a0Nos sucettes sont \u00e9labor\u00e9es avec un m\u00e9lange de fibres pr\u00e9biotiques soigneusement s\u00e9lectionn\u00e9es et bien \u00e9quilibr\u00e9es, garantissant une friandise saine et agr\u00e9able.<\/li>\n<\/ul>\n<h3>Pourquoi Choisir les Sucettes de Z\u00f9sto?<\/h3>\n<p>Chez Z\u00f9sto, nous croyons que profiter de friandises sucr\u00e9es ne doit pas \u00eatre accompagn\u00e9 de culpabilit\u00e9 ou de compromis. Nos sucettes sont con\u00e7ues pour ceux qui recherchent une alternative plus saine sans sacrifier la saveur. Parfaites pour toutes les occasions, les Sucettes de Z\u00f9sto offrent une mani\u00e8re d\u00e9licieuse de satisfaire votre envie de sucreries tout en soutenant vos objectifs de sant\u00e9 et de bien-\u00eatre.<\/p>\n<p>Savourez la douceur des Sucettes de Z\u00f9sto d\u00e8s aujourd&#8217;hui et d\u00e9couvrez l&#8217;\u00e9quilibre parfait entre go\u00fbt et sant\u00e9.<\/p>\n","protected":false},"excerpt":{"rendered":"<ul>\n<li style=\"font-weight: 400;\" aria-level=\"1\">6 x Sucettes Z\u00f9sto\u00ae (25g)<\/li>\n<li>Nutriscore A<\/li>\n<li>65 % de Fibres Pr\u00e9biotiques<\/li>\n<li aria-level=\"1\">&lt;1\u00a0% de sucres ajout\u00e9s<\/li>\n<\/ul>\n<p><strong>Information importante :<\/strong> Nos sucettes sont artisanales et fragiles, il peut donc malheureusement arriver qu&#8217;une sucette se casse pendant le transport. Nous les emballons avec le plus grand soin, mais nous ne pouvons pas le garantir totalement. La bonne nouvelle ? Une sucette cass\u00e9e est au moins aussi savoureuse ! \ud83c\udf6d<\/p>\n","protected":false},"featured_media":38317,"comment_status":"open","ping_status":"closed","template":"","meta":{"_acf_changed":false,"_gspb_post_css":""},"product_cat":[756,213],"product_tag":[],"product_brands":[],"class_list":{"0":"post-32556","1":"product","2":"type-product","3":"status-publish","4":"has-post-thumbnail","6":"product_cat-tous-les-produits","7":"product_cat-snacks-fr","9":"first","10":"instock","11":"taxable","12":"shipping-taxable","13":"purchasable","14":"product-type-simple"},"bundled_by":[],"bundle_stock_status":"instock","bundle_stock_quantity":null,"bundle_virtual":false,"bundle_layout":"","bundle_add_to_cart_form_location":"","bundle_editable_in_cart":false,"bundle_sold_individually_context":"","bundle_item_grouping":"","bundle_min_size":"","bundle_max_size":"","bundle_price":[],"bundled_items":[],"bundle_sell_ids":[],"acf":[],"ct_brands":[],"_links":{"self":[{"href":"https:\/\/zusto.com\/fr\/wp-json\/wp\/v2\/product\/32556","targetHints":{"allow":["GET"]}}],"collection":[{"href":"https:\/\/zusto.com\/fr\/wp-json\/wp\/v2\/product"}],"about":[{"href":"https:\/\/zusto.com\/fr\/wp-json\/wp\/v2\/types\/product"}],"replies":[{"embeddable":true,"href":"https:\/\/zusto.com\/fr\/wp-json\/wp\/v2\/comments?post=32556"}],"wp:featuredmedia":[{"embeddable":true,"href":"https:\/\/zusto.com\/fr\/wp-json\/wp\/v2\/media\/38317"}],"wp:attachment":[{"href":"https:\/\/zusto.com\/fr\/wp-json\/wp\/v2\/media?parent=32556"}],"wp:term":[{"taxonomy":"product_cat","embeddable":true,"href":"https:\/\/zusto.com\/fr\/wp-json\/wp\/v2\/product_cat?post=32556"},{"taxonomy":"product_tag","embeddable":true,"href":"https:\/\/zusto.com\/fr\/wp-json\/wp\/v2\/product_tag?post=32556"},{"taxonomy":"product_brands","embeddable":true,"href":"https:\/\/zusto.com\/fr\/wp-json\/wp\/v2\/product_brands?post=32556"}],"curies":[{"name":"wp","href":"https:\/\/api.w.org\/{rel}","templated":true}]}}