{"id":33163,"date":"2024-09-23T11:58:39","date_gmt":"2024-09-23T09:58:39","guid":{"rendered":"https:\/\/zusto.com\/product\/zusto-kombucha-passion-fruit-mango\/"},"modified":"2025-05-12T09:20:49","modified_gmt":"2025-05-12T07:20:49","slug":"kombucha-zusto-fruits-de-la-passion-mangue","status":"publish","type":"product","link":"https:\/\/zusto.com\/fr\/produit\/kombucha-zusto-fruits-de-la-passion-mangue\/","title":{"rendered":"Kombucha Z\u00f9sto \u2013 Fruits de la Passion &#038; Mangue"},"content":{"rendered":"<h3>Kombucha Z\u00f9sto aux Fruits de la Passion &amp; Mangue<\/h3>\n<p>D\u00e9couvrez le tout premier kombucha au monde ferment\u00e9 avec les fibres pr\u00e9biotiques de Z\u00f9sto ! Notre Kombucha Z\u00f9sto unique associe les bienfaits probiotiques du kombucha traditionnel avec les avantages pr\u00e9biotiques de Z\u00f9sto, cr\u00e9ant ainsi une boisson qui soutient la sant\u00e9 intestinale.<\/p>\n<p>Gr\u00e2ce \u00e0 la fermentation des fibres naturelles de Z\u00f9sto, nous avons \u00e9labor\u00e9 un kombucha qui favorise la digestion et le bien-\u00eatre intestinal, parfait pour les consommateurs soucieux de leur sant\u00e9.<\/p>\n<p>Savourez les saveurs tropicales de vrais fruits de la passion et de la mangue \u2014 aucun ar\u00f4me artificiel, uniquement des ingr\u00e9dients 100 % naturels. Profitez d&#8217;une exp\u00e9rience kombucha rafra\u00eechissante et saine comme jamais auparavant !<\/p>\n","protected":false},"excerpt":{"rendered":"<ul>\n<li style=\"font-weight: 400;\" aria-level=\"1\"><span style=\"font-weight: 400;\">100 % Naturel<\/span><\/li>\n<li style=\"font-weight: 400;\" aria-level=\"1\"><span style=\"font-weight: 400;\">Bienfaits Probiotiques &amp; Pr\u00e9biotiques<\/span><\/li>\n<li style=\"font-weight: 400;\" aria-level=\"1\"><span style=\"font-weight: 400;\">Avec de vrais fruits, sans concentr\u00e9s<\/span><\/li>\n<\/ul>\n","protected":false},"featured_media":33174,"comment_status":"open","ping_status":"closed","template":"","meta":{"_acf_changed":false,"_gspb_post_css":""},"product_cat":[756,213],"product_tag":[],"product_brands":[],"class_list":{"0":"post-33163","1":"product","2":"type-product","3":"status-publish","4":"has-post-thumbnail","6":"product_cat-tous-les-produits","7":"product_cat-snacks-fr","9":"first","10":"instock","11":"sale","12":"taxable","13":"shipping-taxable","14":"purchasable","15":"product-type-variable","16":"has-default-attributes"},"bundled_by":[],"bundle_stock_status":"instock","bundle_stock_quantity":null,"bundle_virtual":false,"bundle_layout":"","bundle_add_to_cart_form_location":"","bundle_editable_in_cart":false,"bundle_sold_individually_context":"","bundle_item_grouping":"","bundle_min_size":"","bundle_max_size":"","bundle_price":[],"bundled_items":[],"bundle_sell_ids":[],"acf":[],"ct_brands":[],"_links":{"self":[{"href":"https:\/\/zusto.com\/fr\/wp-json\/wp\/v2\/product\/33163","targetHints":{"allow":["GET"]}}],"collection":[{"href":"https:\/\/zusto.com\/fr\/wp-json\/wp\/v2\/product"}],"about":[{"href":"https:\/\/zusto.com\/fr\/wp-json\/wp\/v2\/types\/product"}],"replies":[{"embeddable":true,"href":"https:\/\/zusto.com\/fr\/wp-json\/wp\/v2\/comments?post=33163"}],"wp:featuredmedia":[{"embeddable":true,"href":"https:\/\/zusto.com\/fr\/wp-json\/wp\/v2\/media\/33174"}],"wp:attachment":[{"href":"https:\/\/zusto.com\/fr\/wp-json\/wp\/v2\/media?parent=33163"}],"wp:term":[{"taxonomy":"product_cat","embeddable":true,"href":"https:\/\/zusto.com\/fr\/wp-json\/wp\/v2\/product_cat?post=33163"},{"taxonomy":"product_tag","embeddable":true,"href":"https:\/\/zusto.com\/fr\/wp-json\/wp\/v2\/product_tag?post=33163"},{"taxonomy":"product_brands","embeddable":true,"href":"https:\/\/zusto.com\/fr\/wp-json\/wp\/v2\/product_brands?post=33163"}],"curies":[{"name":"wp","href":"https:\/\/api.w.org\/{rel}","templated":true}]}}