{"id":40761,"date":"2025-05-16T16:20:46","date_gmt":"2025-05-16T14:20:46","guid":{"rendered":"https:\/\/zusto.com\/product\/zusto-puffed-rice-bar-wild-berries\/"},"modified":"2025-05-19T11:10:36","modified_gmt":"2025-05-19T09:10:36","slug":"barre-de-riz-souffle-zusto-fruits-des-bois","status":"publish","type":"product","link":"https:\/\/zusto.com\/fr\/produit\/barre-de-riz-souffle-zusto-fruits-des-bois\/","title":{"rendered":"Barre de Riz Souffl\u00e9 Z\u00f9sto \u2013 Fruits des Bois"},"content":{"rendered":"<p><span style=\"font-weight: 400;\">Un croquant l\u00e9ger avec une touche fruit\u00e9e.<\/span><\/p>\n<p><span style=\"font-weight: 400;\">La Barre de Riz Souffl\u00e9 de Z\u00f9sto aux Fruits des Bois marie le croustillant du riz souffl\u00e9 \u00e0 la douceur de vrais morceaux de fruits rouges. Sucr\u00e9e avec Z\u00f9sto \u2013 notre substitut de sucre exclusif \u00e0 base de fibres pr\u00e9biotiques \u2013 elle ne contient aucun sucre ajout\u00e9 et est riche en fibres.<\/span><\/p>\n<p><span style=\"font-weight: 400;\">\u00c0 la fois fondante et croquante \u2013 pour une exp\u00e9rience gustative unique et inoubliable.<\/span><\/p>\n<p><span style=\"font-weight: 400;\">Avec 16 % de fibres, un Nutri-Score A et 48 % de calories en moins que les barres classiques, c\u2019est l\u2019en-cas malin \u00e0 savourer \u00e0 tout moment de la journ\u00e9e.<\/span><\/p>\n<ul>\n<li><span style=\"font-weight: 400;\">16 % de fibres saines<\/span><\/li>\n<li><span style=\"font-weight: 400;\">94 % de sucres en moins*<\/span><\/li>\n<li><span style=\"font-weight: 400;\">82 % de graisses satur\u00e9es en moins<\/span><\/li>\n<li><span style=\"font-weight: 400;\">48 % de calories en moins<\/span><\/li>\n<li><span style=\"font-weight: 400;\">6 barres emball\u00e9es individuellement \u2013 pratique \u00e0 emporter<\/span><\/li>\n<\/ul>\n<p><span style=\"font-weight: 400;\">*Contient uniquement les sucres naturellement pr\u00e9sents.<\/span><span style=\"font-weight: 400;\"><br \/>\n<\/span><b>Z\u00f9sto \u2013 le plaisir sans compromis.<\/b><\/p>\n","protected":false},"excerpt":{"rendered":"<ul>\n<li><span style=\"font-weight: 400;\"> En-cas parfait \u00e0 emporter<\/span><\/li>\n<li>6 pi\u00e8ces, emball\u00e9es individuellement<\/li>\n<li><span style=\"font-weight: 400;\">Nutri-Score A<\/span><\/li>\n<li><span style=\"font-weight: 400;\">16 % de fibres saines<\/span><\/li>\n<li><span style=\"font-weight: 400;\">Sans sucres ajout\u00e9s<\/span><\/li>\n<li><span style=\"font-weight: 400;\">48 % de calories en moins<\/span><\/li>\n<\/ul>\n<p><span style=\"font-weight: 400;\">D\u00e9couvrez aussi notre\u00a0<\/span><a href=\"https:\/\/zusto.com\/fr\/produit\/barre-de-riz-souffle-zusto-banane-caramel\/\"><b>Barre de Riz Souffl\u00e9 Z\u00f9sto \u2013 Banane &amp; Caramel<\/b><\/a><span style=\"font-weight: 400;\">.<\/span><\/p>\n","protected":false},"featured_media":41994,"comment_status":"open","ping_status":"closed","template":"","meta":{"_acf_changed":false,"_gspb_post_css":""},"product_cat":[756,213],"product_tag":[],"product_brands":[],"class_list":{"0":"post-40761","1":"product","2":"type-product","3":"status-publish","4":"has-post-thumbnail","6":"product_cat-tous-les-produits","7":"product_cat-snacks-fr","9":"first","10":"instock","11":"taxable","12":"shipping-taxable","13":"purchasable","14":"product-type-simple"},"bundled_by":["47533","49346"],"bundle_stock_status":"instock","bundle_stock_quantity":null,"bundle_virtual":false,"bundle_layout":"","bundle_add_to_cart_form_location":"","bundle_editable_in_cart":false,"bundle_sold_individually_context":"","bundle_item_grouping":"","bundle_min_size":"","bundle_max_size":"","bundle_price":[],"bundled_items":[],"bundle_sell_ids":[],"acf":[],"ct_brands":[],"_links":{"self":[{"href":"https:\/\/zusto.com\/fr\/wp-json\/wp\/v2\/product\/40761","targetHints":{"allow":["GET"]}}],"collection":[{"href":"https:\/\/zusto.com\/fr\/wp-json\/wp\/v2\/product"}],"about":[{"href":"https:\/\/zusto.com\/fr\/wp-json\/wp\/v2\/types\/product"}],"replies":[{"embeddable":true,"href":"https:\/\/zusto.com\/fr\/wp-json\/wp\/v2\/comments?post=40761"}],"wp:featuredmedia":[{"embeddable":true,"href":"https:\/\/zusto.com\/fr\/wp-json\/wp\/v2\/media\/41994"}],"wp:attachment":[{"href":"https:\/\/zusto.com\/fr\/wp-json\/wp\/v2\/media?parent=40761"}],"wp:term":[{"taxonomy":"product_cat","embeddable":true,"href":"https:\/\/zusto.com\/fr\/wp-json\/wp\/v2\/product_cat?post=40761"},{"taxonomy":"product_tag","embeddable":true,"href":"https:\/\/zusto.com\/fr\/wp-json\/wp\/v2\/product_tag?post=40761"},{"taxonomy":"product_brands","embeddable":true,"href":"https:\/\/zusto.com\/fr\/wp-json\/wp\/v2\/product_brands?post=40761"}],"curies":[{"name":"wp","href":"https:\/\/api.w.org\/{rel}","templated":true}]}}