{"id":40883,"date":"2025-05-26T11:26:40","date_gmt":"2025-05-26T09:26:40","guid":{"rendered":"https:\/\/zusto.com\/product\/zusto-dubai-chocolate-bar\/"},"modified":"2025-06-17T13:21:33","modified_gmt":"2025-06-17T11:21:33","slug":"barre-de-chocolat-zusto-dubai","status":"publish","type":"product","link":"https:\/\/zusto.com\/fr\/produit\/barre-de-chocolat-zusto-dubai\/","title":{"rendered":"Barre de chocolat Z\u00f9sto Duba\u00ef"},"content":{"rendered":"<p><span style=\"font-weight: 400;\">Un go\u00fbt de luxe, sans compromis.<\/span><\/p>\n<p><span style=\"font-weight: 400;\">La barre chocolat\u00e9e Z\u00f9sto Duba\u00ef est bien plus qu\u2019un simple snack. Inspir\u00e9e des saveurs riches du Moyen-Orient, elle marie un chocolat au lait onctueux avec un croustillant irr\u00e9sistible, une touche de pistache l\u00e9g\u00e8rement sal\u00e9e et une douceur parfaitement \u00e9quilibr\u00e9e. Un voyage sensoriel d\u00e8s la premi\u00e8re bouch\u00e9e.<\/span><\/p>\n<p><span style=\"font-weight: 400;\">Ce qui rend cette barre vraiment unique ? Elle est sucr\u00e9e gr\u00e2ce \u00e0 la formule brevet\u00e9e de substitut de sucre Z\u00f9sto. R\u00e9sultat :\u00a0<\/span><b>aucun sucre ajout\u00e9<\/b><span style=\"font-weight: 400;\">, mais\u00a0<\/span><b>12 % de fibres saines<\/b><span style=\"font-weight: 400;\">\u00a0et\u00a0<\/span><b>11 % de prot\u00e9ines<\/b><span style=\"font-weight: 400;\">.<\/span><\/p>\n<p><span style=\"font-weight: 400;\">L\u00e0 o\u00f9 d&#8217;autres marques optent pour du chocolat de couverture ou des enrobages, nous choisissons\u00a0<\/span><b>le vrai chocolat<\/b><span style=\"font-weight: 400;\">. Car pour nous, la qualit\u00e9 du go\u00fbt ne se n\u00e9gocie pas.<\/span><\/p>\n<p><span style=\"font-weight: 400;\">Emball\u00e9e individuellement (55 g), parfaite comme en-cas\u00a0 \u00e0 emporter, \u00e0 savourer seul ou \u00e0 partager \u2013 si vous le pouvez !<\/span><\/p>\n<p><b>Sans sucre ajout\u00e9. 100 % plaisir.<\/b><\/p>\n","protected":false},"excerpt":{"rendered":"<ul>\n<li style=\"font-weight: 400;\" aria-level=\"1\"><span style=\"font-weight: 400;\">Snack parfait \u00e0 emporter<\/span><\/li>\n<li style=\"font-weight: 400;\" aria-level=\"1\"><span style=\"font-weight: 400;\">Emball\u00e9 individuellement (55g)<\/span><\/li>\n<li style=\"font-weight: 400;\" aria-level=\"1\"><span style=\"font-weight: 400;\">12 % de fibres saines<\/span><\/li>\n<li style=\"font-weight: 400;\" aria-level=\"1\"><span style=\"font-weight: 400;\">11 % de prot\u00e9ines<\/span><\/li>\n<li style=\"font-weight: 400;\" aria-level=\"1\"><span style=\"font-weight: 400;\">Sans sucres ajout\u00e9s<\/span><\/li>\n<li style=\"font-weight: 400;\" aria-level=\"1\"><span style=\"font-weight: 400;\">Sucr\u00e9 avec la formule brevet\u00e9e de Z\u00f9sto<\/span><\/li>\n<\/ul>\n<p><strong>Note : temp\u00e9ratures \u00e9lev\u00e9es et chocolat<\/strong><br \/>\nPour vous garantir la meilleure qualit\u00e9, nous n&#8217;exp\u00e9dions pas nos produits chocolat\u00e9s par d\u00e9faut pendant les journ\u00e9es d&#8217;\u00e9t\u00e9 tr\u00e8s chaudes. Vous souhaitez tout de m\u00eame passer commande ? Bien s\u00fbr ! Veuillez noter que tout dommage d\u00fb \u00e0 la fonte du chocolat en raison de temp\u00e9ratures \u00e9lev\u00e9es est \u00e0 vos risques et p\u00e9rils.<\/p>\n","protected":false},"featured_media":40874,"comment_status":"open","ping_status":"closed","template":"","meta":{"_acf_changed":false,"_gspb_post_css":""},"product_cat":[756,213],"product_tag":[],"product_brands":[],"class_list":{"0":"post-40883","1":"product","2":"type-product","3":"status-publish","4":"has-post-thumbnail","6":"product_cat-tous-les-produits","7":"product_cat-snacks-fr","9":"first","10":"instock","11":"sale","12":"taxable","13":"shipping-taxable","14":"purchasable","15":"product-type-variable","16":"has-default-attributes"},"bundled_by":["47533"],"bundle_stock_status":"instock","bundle_stock_quantity":null,"bundle_virtual":false,"bundle_layout":"","bundle_add_to_cart_form_location":"","bundle_editable_in_cart":false,"bundle_sold_individually_context":"","bundle_item_grouping":"","bundle_min_size":"","bundle_max_size":"","bundle_price":[],"bundled_items":[],"bundle_sell_ids":[],"acf":[],"ct_brands":[],"_links":{"self":[{"href":"https:\/\/zusto.com\/fr\/wp-json\/wp\/v2\/product\/40883","targetHints":{"allow":["GET"]}}],"collection":[{"href":"https:\/\/zusto.com\/fr\/wp-json\/wp\/v2\/product"}],"about":[{"href":"https:\/\/zusto.com\/fr\/wp-json\/wp\/v2\/types\/product"}],"replies":[{"embeddable":true,"href":"https:\/\/zusto.com\/fr\/wp-json\/wp\/v2\/comments?post=40883"}],"wp:featuredmedia":[{"embeddable":true,"href":"https:\/\/zusto.com\/fr\/wp-json\/wp\/v2\/media\/40874"}],"wp:attachment":[{"href":"https:\/\/zusto.com\/fr\/wp-json\/wp\/v2\/media?parent=40883"}],"wp:term":[{"taxonomy":"product_cat","embeddable":true,"href":"https:\/\/zusto.com\/fr\/wp-json\/wp\/v2\/product_cat?post=40883"},{"taxonomy":"product_tag","embeddable":true,"href":"https:\/\/zusto.com\/fr\/wp-json\/wp\/v2\/product_tag?post=40883"},{"taxonomy":"product_brands","embeddable":true,"href":"https:\/\/zusto.com\/fr\/wp-json\/wp\/v2\/product_brands?post=40883"}],"curies":[{"name":"wp","href":"https:\/\/api.w.org\/{rel}","templated":true}]}}