{"id":47456,"date":"2026-01-13T14:23:50","date_gmt":"2026-01-13T13:23:50","guid":{"rendered":"https:\/\/zusto.com\/?post_type=product&#038;p=47456"},"modified":"2026-01-24T19:18:02","modified_gmt":"2026-01-24T18:18:02","slug":"spread-box","status":"publish","type":"product","link":"https:\/\/zusto.com\/fr\/produit\/spread-box\/","title":{"rendered":"Spread Box"},"content":{"rendered":"","protected":false},"excerpt":{"rendered":"","protected":false},"featured_media":47879,"comment_status":"open","ping_status":"closed","template":"","meta":{"_acf_changed":false,"_gspb_post_css":""},"product_cat":[756,211],"product_tag":[1036],"product_brands":[],"class_list":{"0":"post-47456","1":"product","2":"type-product","3":"status-publish","4":"has-post-thumbnail","6":"product_cat-tous-les-produits","7":"product_cat-offres","8":"product_tag-spread-box-fr","10":"first","11":"instock","12":"sale","13":"taxable","14":"shipping-taxable","15":"purchasable","16":"product-type-bundle"},"bundled_by":[],"bundle_stock_status":"instock","bundle_stock_quantity":"","bundle_virtual":false,"bundle_layout":"default","bundle_add_to_cart_form_location":"default","bundle_editable_in_cart":false,"bundle_sold_individually_context":"product","bundle_item_grouping":"parent","bundle_min_size":"","bundle_max_size":"","bundle_price":{"price":{"min":{"incl_tax":"16.9","excl_tax":"15.943396"},"max":{"incl_tax":"16.9","excl_tax":"15.943396"}},"regular_price":{"min":{"incl_tax":"18.92","excl_tax":"17.849057"},"max":{"incl_tax":"18.92","excl_tax":"17.849057"}}},"bundled_items":[{"bundled_item_id":21,"product_id":22712,"menu_order":0,"quantity_min":1,"quantity_max":1,"quantity_default":1,"priced_individually":false,"shipped_individually":false,"override_title":false,"title":"Z\u00f9sto p\u00e2te \u00e0 tartiner aux noisettes 350 g","override_description":false,"description":"Z\u00f9sto p\u00e2te \u00e0 tartiner aux noisettes 350 g","optional":false,"hide_thumbnail":false,"discount":"","override_variations":true,"allowed_variations":[42684],"override_default_variation_attributes":true,"default_variation_attributes":[{"id":2,"name":"Hoeveelheid","option":"1-bocal"}],"single_product_visibility":"hidden","cart_visibility":"hidden","order_visibility":"visible","single_product_price_visibility":"visible","cart_price_visibility":"visible","order_price_visibility":"visible","stock_status":"in_stock"},{"bundled_item_id":22,"product_id":39173,"menu_order":1,"quantity_min":1,"quantity_max":1,"quantity_default":1,"priced_individually":false,"shipped_individually":false,"override_title":false,"title":"Tartinade de Fraise Z\u00f9sto","override_description":false,"description":"Tartinade de Fraise Z\u00f9sto","optional":false,"hide_thumbnail":false,"discount":"","override_variations":true,"allowed_variations":[39174],"override_default_variation_attributes":true,"default_variation_attributes":[{"id":2,"name":"Hoeveelheid","option":"1-bocal"}],"single_product_visibility":"hidden","cart_visibility":"hidden","order_visibility":"visible","single_product_price_visibility":"visible","cart_price_visibility":"visible","order_price_visibility":"visible","stock_status":"in_stock"},{"bundled_item_id":23,"product_id":39186,"menu_order":2,"quantity_min":1,"quantity_max":1,"quantity_default":1,"priced_individually":false,"shipped_individually":false,"override_title":false,"title":"Tartinade de Framboise Z\u00f9sto","override_description":false,"description":"Tartinade de Framboise Z\u00f9sto","optional":false,"hide_thumbnail":false,"discount":"","override_variations":true,"allowed_variations":[39215],"override_default_variation_attributes":true,"default_variation_attributes":[{"id":2,"name":"Hoeveelheid","option":"1-bocal"}],"single_product_visibility":"hidden","cart_visibility":"hidden","order_visibility":"visible","single_product_price_visibility":"visible","cart_price_visibility":"visible","order_price_visibility":"visible","stock_status":"in_stock"},{"bundled_item_id":24,"product_id":39228,"menu_order":3,"quantity_min":1,"quantity_max":1,"quantity_default":1,"priced_individually":false,"shipped_individually":false,"override_title":false,"title":"Tartinade de Fruits des Bois de Z\u00f9sto","override_description":false,"description":"Tartinade de Fruits des Bois de Z\u00f9sto","optional":false,"hide_thumbnail":false,"discount":"","override_variations":true,"allowed_variations":[39233],"override_default_variation_attributes":true,"default_variation_attributes":[{"id":2,"name":"Hoeveelheid","option":"1-bocal"}],"single_product_visibility":"hidden","cart_visibility":"hidden","order_visibility":"visible","single_product_price_visibility":"visible","cart_price_visibility":"visible","order_price_visibility":"visible","stock_status":"in_stock"}],"bundle_sell_ids":[],"acf":[],"ct_brands":[],"_links":{"self":[{"href":"https:\/\/zusto.com\/fr\/wp-json\/wp\/v2\/product\/47456","targetHints":{"allow":["GET"]}}],"collection":[{"href":"https:\/\/zusto.com\/fr\/wp-json\/wp\/v2\/product"}],"about":[{"href":"https:\/\/zusto.com\/fr\/wp-json\/wp\/v2\/types\/product"}],"replies":[{"embeddable":true,"href":"https:\/\/zusto.com\/fr\/wp-json\/wp\/v2\/comments?post=47456"}],"wp:featuredmedia":[{"embeddable":true,"href":"https:\/\/zusto.com\/fr\/wp-json\/wp\/v2\/media\/47879"}],"wp:attachment":[{"href":"https:\/\/zusto.com\/fr\/wp-json\/wp\/v2\/media?parent=47456"}],"wp:term":[{"taxonomy":"product_cat","embeddable":true,"href":"https:\/\/zusto.com\/fr\/wp-json\/wp\/v2\/product_cat?post=47456"},{"taxonomy":"product_tag","embeddable":true,"href":"https:\/\/zusto.com\/fr\/wp-json\/wp\/v2\/product_tag?post=47456"},{"taxonomy":"product_brands","embeddable":true,"href":"https:\/\/zusto.com\/fr\/wp-json\/wp\/v2\/product_brands?post=47456"}],"curies":[{"name":"wp","href":"https:\/\/api.w.org\/{rel}","templated":true}]}}