{"id":47533,"date":"2026-01-15T09:18:45","date_gmt":"2026-01-15T08:18:46","guid":{"rendered":"https:\/\/zusto.com\/?post_type=product&#038;p=47533"},"modified":"2026-01-15T11:15:10","modified_gmt":"2026-01-15T10:15:10","slug":"new-discovery-box","status":"publish","type":"product","link":"https:\/\/zusto.com\/fr\/produit\/new-discovery-box\/","title":{"rendered":"New Discovery Box"},"content":{"rendered":"","protected":false},"excerpt":{"rendered":"","protected":false},"featured_media":47553,"comment_status":"open","ping_status":"closed","template":"","meta":{"_acf_changed":false,"_gspb_post_css":""},"product_cat":[756,211],"product_tag":[1061],"product_brands":[],"class_list":{"0":"post-47533","1":"product","2":"type-product","3":"status-publish","4":"has-post-thumbnail","6":"product_cat-tous-les-produits","7":"product_cat-offres","8":"product_tag-new-discovery-box","10":"first","11":"outofstock","12":"sale","13":"taxable","14":"shipping-taxable","15":"purchasable","16":"product-type-bundle"},"bundled_by":[],"bundle_stock_status":"outofstock","bundle_stock_quantity":0,"bundle_virtual":false,"bundle_layout":"default","bundle_add_to_cart_form_location":"default","bundle_editable_in_cart":false,"bundle_sold_individually_context":"product","bundle_item_grouping":"parent","bundle_min_size":"","bundle_max_size":"","bundle_price":{"price":{"min":{"incl_tax":"49.9","excl_tax":"47.075472"},"max":{"incl_tax":"49.9","excl_tax":"47.075472"}},"regular_price":{"min":{"incl_tax":"59.72","excl_tax":"56.339623"},"max":{"incl_tax":"59.72","excl_tax":"56.339623"}}},"bundled_items":[{"bundled_item_id":29,"product_id":31446,"menu_order":0,"quantity_min":1,"quantity_max":1,"quantity_default":1,"priced_individually":false,"shipped_individually":false,"override_title":false,"title":"Z\u00f9sto Granola &#8211; Chocolat &#038; Framboise","override_description":false,"description":"Z\u00f9sto Granola &#8211; Chocolat &#038; Framboise","optional":false,"hide_thumbnail":false,"discount":"","override_variations":true,"allowed_variations":[32227],"override_default_variation_attributes":true,"default_variation_attributes":[{"id":2,"name":"Hoeveelheid","option":"1-sachet"}],"single_product_visibility":"hidden","cart_visibility":"hidden","order_visibility":"visible","single_product_price_visibility":"visible","cart_price_visibility":"visible","order_price_visibility":"visible","stock_status":"in_stock"},{"bundled_item_id":30,"product_id":40883,"menu_order":1,"quantity_min":3,"quantity_max":3,"quantity_default":3,"priced_individually":false,"shipped_individually":false,"override_title":false,"title":"Barre de chocolat Z\u00f9sto Duba\u00ef","override_description":false,"description":"Barre de chocolat Z\u00f9sto Duba\u00ef","optional":false,"hide_thumbnail":false,"discount":"","override_variations":true,"allowed_variations":[40884],"override_default_variation_attributes":true,"default_variation_attributes":[{"id":2,"name":"Hoeveelheid","option":"1-barre-fr"}],"single_product_visibility":"hidden","cart_visibility":"hidden","order_visibility":"visible","single_product_price_visibility":"visible","cart_price_visibility":"visible","order_price_visibility":"visible","stock_status":"out_of_stock"},{"bundled_item_id":47,"product_id":40768,"menu_order":2,"quantity_min":1,"quantity_max":1,"quantity_default":1,"priced_individually":false,"shipped_individually":false,"override_title":false,"title":"Barre de Riz Souffl\u00e9 Z\u00f9sto \u2013 Banane &#038; Caramel","override_description":false,"description":"Barre de Riz Souffl\u00e9 Z\u00f9sto \u2013 Banane &#038; Caramel","optional":false,"hide_thumbnail":false,"discount":"","override_variations":false,"allowed_variations":[""],"override_default_variation_attributes":false,"default_variation_attributes":[],"single_product_visibility":"hidden","cart_visibility":"hidden","order_visibility":"visible","single_product_price_visibility":"visible","cart_price_visibility":"visible","order_price_visibility":"visible","stock_status":"in_stock"},{"bundled_item_id":48,"product_id":40761,"menu_order":3,"quantity_min":1,"quantity_max":1,"quantity_default":1,"priced_individually":false,"shipped_individually":false,"override_title":false,"title":"Barre de Riz Souffl\u00e9 Z\u00f9sto \u2013 Fruits des Bois","override_description":false,"description":"Barre de Riz Souffl\u00e9 Z\u00f9sto \u2013 Fruits des Bois","optional":false,"hide_thumbnail":false,"discount":"","override_variations":false,"allowed_variations":[""],"override_default_variation_attributes":false,"default_variation_attributes":[],"single_product_visibility":"hidden","cart_visibility":"hidden","order_visibility":"visible","single_product_price_visibility":"visible","cart_price_visibility":"visible","order_price_visibility":"visible","stock_status":"in_stock"},{"bundled_item_id":49,"product_id":39186,"menu_order":4,"quantity_min":1,"quantity_max":1,"quantity_default":1,"priced_individually":false,"shipped_individually":false,"override_title":false,"title":"Tartinade de Framboise Z\u00f9sto","override_description":false,"description":"Tartinade de Framboise Z\u00f9sto","optional":false,"hide_thumbnail":false,"discount":"","override_variations":true,"allowed_variations":[39215],"override_default_variation_attributes":true,"default_variation_attributes":[{"id":2,"name":"Hoeveelheid","option":"1-bocal"}],"single_product_visibility":"hidden","cart_visibility":"hidden","order_visibility":"visible","single_product_price_visibility":"visible","cart_price_visibility":"visible","order_price_visibility":"visible","stock_status":"in_stock"},{"bundled_item_id":50,"product_id":22712,"menu_order":5,"quantity_min":1,"quantity_max":1,"quantity_default":1,"priced_individually":false,"shipped_individually":false,"override_title":false,"title":"Z\u00f9sto p\u00e2te \u00e0 tartiner aux noisettes 350 g","override_description":false,"description":"Z\u00f9sto p\u00e2te \u00e0 tartiner aux noisettes 350 g","optional":false,"hide_thumbnail":false,"discount":"","override_variations":true,"allowed_variations":[42684],"override_default_variation_attributes":true,"default_variation_attributes":[{"id":2,"name":"Hoeveelheid","option":"1-bocal"}],"single_product_visibility":"hidden","cart_visibility":"hidden","order_visibility":"visible","single_product_price_visibility":"visible","cart_price_visibility":"visible","order_price_visibility":"visible","stock_status":"in_stock"},{"bundled_item_id":51,"product_id":39173,"menu_order":6,"quantity_min":1,"quantity_max":1,"quantity_default":1,"priced_individually":false,"shipped_individually":false,"override_title":false,"title":"Tartinade de Fraise Z\u00f9sto","override_description":false,"description":"Tartinade de Fraise Z\u00f9sto","optional":false,"hide_thumbnail":false,"discount":"","override_variations":true,"allowed_variations":[39174],"override_default_variation_attributes":true,"default_variation_attributes":[{"id":2,"name":"Hoeveelheid","option":"1-bocal"}],"single_product_visibility":"hidden","cart_visibility":"hidden","order_visibility":"visible","single_product_price_visibility":"visible","cart_price_visibility":"visible","order_price_visibility":"visible","stock_status":"in_stock"},{"bundled_item_id":52,"product_id":21902,"menu_order":7,"quantity_min":1,"quantity_max":1,"quantity_default":1,"priced_individually":false,"shipped_individually":false,"override_title":false,"title":"Z\u00f9sto substitut de sucre 300 g","override_description":false,"description":"Z\u00f9sto substitut de sucre 300 g","optional":false,"hide_thumbnail":false,"discount":"","override_variations":true,"allowed_variations":[44477],"override_default_variation_attributes":true,"default_variation_attributes":[{"id":1,"name":"Aantal","option":"1-fr"}],"single_product_visibility":"hidden","cart_visibility":"hidden","order_visibility":"visible","single_product_price_visibility":"visible","cart_price_visibility":"visible","order_price_visibility":"visible","stock_status":"in_stock"},{"bundled_item_id":53,"product_id":29665,"menu_order":8,"quantity_min":1,"quantity_max":1,"quantity_default":1,"priced_individually":false,"shipped_individually":false,"override_title":false,"title":"Z\u00f9sto Tablette de Chocolat Noir","override_description":false,"description":"Z\u00f9sto Tablette de Chocolat Noir","optional":false,"hide_thumbnail":false,"discount":"","override_variations":false,"allowed_variations":[""],"override_default_variation_attributes":false,"default_variation_attributes":[],"single_product_visibility":"hidden","cart_visibility":"hidden","order_visibility":"visible","single_product_price_visibility":"visible","cart_price_visibility":"visible","order_price_visibility":"visible","stock_status":"in_stock"},{"bundled_item_id":54,"product_id":29664,"menu_order":9,"quantity_min":1,"quantity_max":1,"quantity_default":1,"priced_individually":false,"shipped_individually":false,"override_title":false,"title":"Z\u00f9sto Tablette de Chocolat au Lait","override_description":false,"description":"Z\u00f9sto Tablette de Chocolat au Lait","optional":false,"hide_thumbnail":false,"discount":"","override_variations":false,"allowed_variations":[""],"override_default_variation_attributes":false,"default_variation_attributes":[],"single_product_visibility":"hidden","cart_visibility":"hidden","order_visibility":"visible","single_product_price_visibility":"visible","cart_price_visibility":"visible","order_price_visibility":"visible","stock_status":"in_stock"}],"bundle_sell_ids":[],"acf":[],"ct_brands":[],"_links":{"self":[{"href":"https:\/\/zusto.com\/fr\/wp-json\/wp\/v2\/product\/47533","targetHints":{"allow":["GET"]}}],"collection":[{"href":"https:\/\/zusto.com\/fr\/wp-json\/wp\/v2\/product"}],"about":[{"href":"https:\/\/zusto.com\/fr\/wp-json\/wp\/v2\/types\/product"}],"replies":[{"embeddable":true,"href":"https:\/\/zusto.com\/fr\/wp-json\/wp\/v2\/comments?post=47533"}],"wp:featuredmedia":[{"embeddable":true,"href":"https:\/\/zusto.com\/fr\/wp-json\/wp\/v2\/media\/47553"}],"wp:attachment":[{"href":"https:\/\/zusto.com\/fr\/wp-json\/wp\/v2\/media?parent=47533"}],"wp:term":[{"taxonomy":"product_cat","embeddable":true,"href":"https:\/\/zusto.com\/fr\/wp-json\/wp\/v2\/product_cat?post=47533"},{"taxonomy":"product_tag","embeddable":true,"href":"https:\/\/zusto.com\/fr\/wp-json\/wp\/v2\/product_tag?post=47533"},{"taxonomy":"product_brands","embeddable":true,"href":"https:\/\/zusto.com\/fr\/wp-json\/wp\/v2\/product_brands?post=47533"}],"curies":[{"name":"wp","href":"https:\/\/api.w.org\/{rel}","templated":true}]}}