{"id":22981,"date":"2023-03-10T14:38:20","date_gmt":"2023-03-10T13:38:20","guid":{"rendered":"https:\/\/zusto.com\/?post_type=product&#038;p=22981"},"modified":"2025-09-29T17:38:05","modified_gmt":"2025-09-29T15:38:05","slug":"zusto-pure-chocolade-callets","status":"publish","type":"product","link":"https:\/\/zusto.com\/nl\/product\/zusto-pure-chocolade-callets\/","title":{"rendered":"Z\u00f9sto Pure Chocolade Callets"},"content":{"rendered":"<p><span style=\"font-weight: 400;\">Ontdek de heerlijke intense chocolade van Z\u00f9sto. We kozen voor een kwalitatieve chocolade met 64% cacao, zodat de liefhebber van chocolade de echte smaak van cacao kan ervaren zonder zorgen. Deze chocolade balanceert het friszure en bittere van de cacao met de heerlijk zoete smaak van Z\u00f9sto, volgens \u00e9\u00e9n van de meest beproefde en gegeerde recepturen.<\/span><\/p>\n<p><span style=\"font-weight: 400;\">Deze chocolade is eenvoudig af te smelten en te gebruiken als culinaire chocolade voor jouw gerechten, maar kan door zijn intense smaak ook zo genoten worden voor een persoonlijk geluksmomentje op elk moment van de dag. Genieten zonder zorgen, met dank aan Z\u00f9sto.<\/span><\/p>\n<h3>Wat is chocolade?<\/h3>\n<p><span style=\"font-weight: 400;\">Echte chocolade bestaat uit een handvol ingredi\u00ebnten: suiker, cacaomassa, cacaoboter, en\/of melkpoeder \u2013 en vaak ook in die volgorde gerangschikt van groot naar klein.<\/span><\/p>\n<p><span style=\"font-weight: 400;\">Gemiddeld kan men stellen dat de suikerinhoud van donkere, melk en witte chocolade respectievelijk 48%, 52% en 59% bedraagt.\u00a0<\/span><\/p>\n<p><span style=\"font-weight: 400;\">Hoe donkerder de chocolade, hoe hoger de cacaomassa en dus ook hoe lager het suikergehalte.<\/span><\/p>\n<p><span style=\"font-weight: 400;\">Voor sommige toepassingen (zoals compound chocolade), wordt er afgeweken van het standaard recept van echte chocolade waarbij cacaoboter vervangen wordt door goedkopere vetten\/oli\u00ebn, en\/of waarbij er (nog) meer suiker wordt toegevoegd. Dit kan zijn om de prijs van de chocolade te drukken of functioneel omdat hierdoor het smeltpunt hoger zal liggen en de chocolade zelfs bakvast kan worden. Men vindt deze chocolade vaak terug als vulling in koekjes of als coating op gebak.<\/span><\/p>\n<h3><b>Waarom we dit product ontwikkelden?<\/b><\/h3>\n<p><span style=\"font-weight: 400;\">Uit onderzoek is gebleken dat de gemiddelde consument jaarlijks zo\u2019n 9,1kg chocolade consumeert.<\/span><span style=\"font-weight: 400;\"> Dat komt jaarlijks neer op zo\u2019n 4,5 kg suiker per jaar, ofwel 18.000 calorie\u00ebn.<\/span><\/p>\n<p><span style=\"font-weight: 400;\">Anderzijds, biedt cacao (belangrijk ingredi\u00ebnt van chocolade) heel wat gezondheidsvoordelen. Zo zit cacao boordevol antioxidanten, die een gunstig effect kunnen hebben op hart &amp; vaatstelsel, de vetverbranding stimuleren, etc. Cacao bevat ook van nature heel wat mineralen zoals magnesium, koper en ijzer. Deze hebben een stressverlagende werking, en houden het zuurstofgehalte in je bloed, en het energiegehalte in je lichaam, op peil. Bovendien bevat cacao heel wat gelukshormonen, alsook de bestandsdelen die door het lichaam in gelukshormonen worden omgezet.<\/span><span style=\"font-weight: 400;\"> Cacao is als het ware een \u2018superfruit\u2019 en als kers op de taart, een uitstekend afrodisiacum.<\/span><\/p>\n<p><span style=\"font-weight: 400;\">Omdat het hoge suikergehalte in zo\u2019n schril contrast staat met de gezondheidsvoordelen van cacao, ontwikkelden we deze gezonde chocolade met Z\u00f9sto om te genieten zonder zorgen.<\/span><\/p>\n<p><span style=\"font-weight: 400;\">Met de chocolade callets van Z\u00f9sto trachten we niet alleen de overmatige suikerconsumptie (en de hieraan gelinkte gevolgen) een halt toe te roepen, maar ook om er een positief en gezonder verhaal van te maken, door het hoge &amp; gediversifieerde gehalte aan gezonde vezels: door het gebruik van Z\u00f9sto, bevat onze donkere en melkchocolade respectievelijk maar liefst 34% (ipv 7%) en 24% (ipv 3,4%) gezonde vezels.\u00a0 Da\u2019s ongeveer 5 \u00e0 7 x meer dan zijn suikervariant!<\/span><\/p>\n<p><span style=\"font-weight: 400;\">De vezels van Z\u00f9sto zijn bovendien dermate gevarieerd zodat zowel de digestieve tolerantie (verteerbaarheid) als de gezondheidsvoordelen worden geoptimaliseerd &amp; gecombineerd.<\/span><\/p>\n<p><span style=\"font-weight: 400;\">Lees <\/span><a href=\"https:\/\/zusto.com\/nl\/de-vele-positieve-effecten-van-vezels-op-onze-gezondheid\/\" target=\"_blank\" rel=\"noopener\"><b>hier<\/b><\/a><span style=\"font-weight: 400;\"> meer over de vezels van Z\u00f9sto.<\/span><\/p>\n<p><span style=\"font-weight: 400;\">Tot slot is de chocolade van Z\u00f9sto zo\u2019n 20 \u00e0 25% lager in calorische waarde dan de gemiddelde chocolade met suiker. Plezier zonder zorgen.<\/span><\/p>\n<p><span style=\"font-weight: 400;\">Wij wensen u veel smaakplezier!<\/span><\/p>\n<p><span style=\"font-weight: 400;\">Team Z\u00f9sto<\/span><\/p>\n","protected":false},"excerpt":{"rendered":"<ul>\n<li>350 g Z\u00f9sto\u00ae Pure Chocolade Callets<\/li>\n<\/ul>\n<p><b>Let op: warme temperaturen en chocolade<\/b><br \/>\nOm u de beste kwaliteit te garanderen, verzenden wij onze chocoladeproducten niet standaard tijdens zeer warme zomerdagen. Wilt u toch graag bestellen? Dat kan natuurlijk! Houd er wel rekening mee dat eventuele smeltschade door hoge temperaturen op eigen risico is.<\/p>\n","protected":false},"featured_media":28614,"comment_status":"open","ping_status":"closed","template":"","meta":{"_acf_changed":false,"_gspb_post_css":""},"product_cat":[197,755],"product_tag":[185,230,187],"product_brands":[],"class_list":{"0":"post-22981","1":"product","2":"type-product","3":"status-publish","4":"has-post-thumbnail","6":"product_cat-chocolade","7":"product_cat-alle-producten","8":"product_tag-populair","9":"product_tag-uitverkocht","10":"product_tag-zusto-producten","12":"first","13":"instock","14":"taxable","15":"shipping-taxable","16":"purchasable","17":"product-type-simple"},"bundled_by":[],"bundle_stock_status":"instock","bundle_stock_quantity":null,"bundle_virtual":false,"bundle_layout":"","bundle_add_to_cart_form_location":"","bundle_editable_in_cart":false,"bundle_sold_individually_context":"","bundle_item_grouping":"","bundle_min_size":"","bundle_max_size":"","bundle_price":[],"bundled_items":[],"bundle_sell_ids":[],"acf":[],"ct_brands":[],"_links":{"self":[{"href":"https:\/\/zusto.com\/nl\/wp-json\/wp\/v2\/product\/22981","targetHints":{"allow":["GET"]}}],"collection":[{"href":"https:\/\/zusto.com\/nl\/wp-json\/wp\/v2\/product"}],"about":[{"href":"https:\/\/zusto.com\/nl\/wp-json\/wp\/v2\/types\/product"}],"replies":[{"embeddable":true,"href":"https:\/\/zusto.com\/nl\/wp-json\/wp\/v2\/comments?post=22981"}],"wp:featuredmedia":[{"embeddable":true,"href":"https:\/\/zusto.com\/nl\/wp-json\/wp\/v2\/media\/28614"}],"wp:attachment":[{"href":"https:\/\/zusto.com\/nl\/wp-json\/wp\/v2\/media?parent=22981"}],"wp:term":[{"taxonomy":"product_cat","embeddable":true,"href":"https:\/\/zusto.com\/nl\/wp-json\/wp\/v2\/product_cat?post=22981"},{"taxonomy":"product_tag","embeddable":true,"href":"https:\/\/zusto.com\/nl\/wp-json\/wp\/v2\/product_tag?post=22981"},{"taxonomy":"product_brands","embeddable":true,"href":"https:\/\/zusto.com\/nl\/wp-json\/wp\/v2\/product_brands?post=22981"}],"curies":[{"name":"wp","href":"https:\/\/api.w.org\/{rel}","templated":true}]}}