{"id":40760,"date":"2025-05-16T16:20:46","date_gmt":"2025-05-16T14:20:46","guid":{"rendered":"https:\/\/zusto.com\/product\/zusto-puffed-rice-bar-wild-berries\/"},"modified":"2025-05-19T11:08:41","modified_gmt":"2025-05-19T09:08:41","slug":"zusto-gepofte-rijstreep-bosvruchten","status":"publish","type":"product","link":"https:\/\/zusto.com\/nl\/product\/zusto-gepofte-rijstreep-bosvruchten\/","title":{"rendered":"Z\u00f9sto Gepofte Rijstreep \u2013 Bosvruchten"},"content":{"rendered":"<p><span style=\"font-weight: 400;\">Een frisse crunch met een zachte twist.<\/span><\/p>\n<p><span style=\"font-weight: 400;\">De Z\u00f9sto Puffed Rice Bar met Wilde Bessen combineert krokante gepofte rijst met smeu\u00efge stukjes rood fruit \u2013 voor een heerlijk verantwoorde snack met een frisse bessenboost. Gezoet met Z\u00f9sto, onze unieke vezelrijke suikervervanger, geniet je zonder toegevoegde suikers, boordevol gezonde prebiotische vezels.<\/span><\/p>\n<p><span style=\"font-weight: 400;\">Chewy \u00e9n crunchy in \u00e9\u00e9n hap \u2013 voor een unieke smaakbelevenis die je bijblijft.<\/span><\/p>\n<p><span style=\"font-weight: 400;\">Met 16% vezels, een Nutriscore A en 48% minder calorie\u00ebn dan klassieke rijstrepen, is dit h\u00e9t slimme tussendoortje voor elk moment van de dag, zonder in te boeten aan smaak.<\/span><\/p>\n<ul>\n<li><span style=\"font-weight: 400;\">16% gezonde vezels<\/span><\/li>\n<li><span style=\"font-weight: 400;\">94% minder suikers*<\/span><\/li>\n<li><span style=\"font-weight: 400;\">82% minder verzadigde vetten<\/span><\/li>\n<li><span style=\"font-weight: 400;\">48% minder calorie\u00ebn<\/span><\/li>\n<li><span style=\"font-weight: 400;\">6 individueel verpakte repen \u2013 handig voor onderweg<\/span><\/li>\n<\/ul>\n<p><span style=\"font-weight: 400;\">*Bevat enkel van nature aanwezige suikers.<\/span><span style=\"font-weight: 400;\"><br \/>\n<\/span><b>Z\u00f9sto \u2013 zo smaakt zorgeloos genieten.<\/b><\/p>\n","protected":false},"excerpt":{"rendered":"<ul>\n<li style=\"font-weight: 400;\" aria-level=\"1\"><span style=\"font-weight: 400;\">Perfecte snack voor onderweg<\/span><\/li>\n<li style=\"font-weight: 400;\" aria-level=\"1\">6 stuks, individueel verpakt<\/li>\n<li style=\"font-weight: 400;\" aria-level=\"1\"><span style=\"font-weight: 400;\">Nutri-Score A<\/span><\/li>\n<li style=\"font-weight: 400;\" aria-level=\"1\"><span style=\"font-weight: 400;\">16% gezonde vezels<\/span><\/li>\n<li style=\"font-weight: 400;\" aria-level=\"1\"><span style=\"font-weight: 400;\">Geen toegevoegde suiker<\/span><\/li>\n<li style=\"font-weight: 400;\" aria-level=\"1\"><span style=\"font-weight: 400;\">48% minder calorie\u00ebn<\/span><\/li>\n<\/ul>\n<p><span style=\"font-weight: 400;\">Ontdek ook onze\u00a0<\/span><a href=\"https:\/\/zusto.com\/nl\/product\/zusto-gepofte-rijstreep-banaan-caramel\/\"><b>Z\u00f9sto Gepofte Rijstreep \u2013 Banaan &amp; Caramel<\/b><\/a><span style=\"font-weight: 400;\">.<\/span><\/p>\n","protected":false},"featured_media":41993,"comment_status":"open","ping_status":"closed","template":"","meta":{"_acf_changed":false,"_gspb_post_css":""},"product_cat":[755,199],"product_tag":[],"product_brands":[],"class_list":{"0":"post-40760","1":"product","2":"type-product","3":"status-publish","4":"has-post-thumbnail","6":"product_cat-alle-producten","7":"product_cat-snacks","9":"first","10":"instock","11":"taxable","12":"shipping-taxable","13":"purchasable","14":"product-type-simple"},"bundled_by":["47532","49345","50390"],"bundle_stock_status":"instock","bundle_stock_quantity":null,"bundle_virtual":false,"bundle_layout":"","bundle_add_to_cart_form_location":"","bundle_editable_in_cart":false,"bundle_sold_individually_context":"","bundle_item_grouping":"","bundle_min_size":"","bundle_max_size":"","bundle_price":[],"bundled_items":[],"bundle_sell_ids":[],"acf":[],"ct_brands":[],"_links":{"self":[{"href":"https:\/\/zusto.com\/nl\/wp-json\/wp\/v2\/product\/40760","targetHints":{"allow":["GET"]}}],"collection":[{"href":"https:\/\/zusto.com\/nl\/wp-json\/wp\/v2\/product"}],"about":[{"href":"https:\/\/zusto.com\/nl\/wp-json\/wp\/v2\/types\/product"}],"replies":[{"embeddable":true,"href":"https:\/\/zusto.com\/nl\/wp-json\/wp\/v2\/comments?post=40760"}],"wp:featuredmedia":[{"embeddable":true,"href":"https:\/\/zusto.com\/nl\/wp-json\/wp\/v2\/media\/41993"}],"wp:attachment":[{"href":"https:\/\/zusto.com\/nl\/wp-json\/wp\/v2\/media?parent=40760"}],"wp:term":[{"taxonomy":"product_cat","embeddable":true,"href":"https:\/\/zusto.com\/nl\/wp-json\/wp\/v2\/product_cat?post=40760"},{"taxonomy":"product_tag","embeddable":true,"href":"https:\/\/zusto.com\/nl\/wp-json\/wp\/v2\/product_tag?post=40760"},{"taxonomy":"product_brands","embeddable":true,"href":"https:\/\/zusto.com\/nl\/wp-json\/wp\/v2\/product_brands?post=40760"}],"curies":[{"name":"wp","href":"https:\/\/api.w.org\/{rel}","templated":true}]}}