{"id":40767,"date":"2025-05-16T16:30:48","date_gmt":"2025-05-16T14:30:48","guid":{"rendered":"https:\/\/zusto.com\/product\/zusto-puffed-rice-bar-banana-caramel\/"},"modified":"2026-01-12T11:18:32","modified_gmt":"2026-01-12T10:18:32","slug":"zusto-gepofte-rijstreep-banaan-caramel","status":"publish","type":"product","link":"https:\/\/zusto.com\/nl\/product\/zusto-gepofte-rijstreep-banaan-caramel\/","title":{"rendered":"Z\u00f9sto Gepofte Rijstreep \u2013 Banaan &#038; Caramel"},"content":{"rendered":"<p><span style=\"font-weight: 400;\">Zacht, zoet en slim.<\/span><\/p>\n<p><span style=\"font-weight: 400;\">De Z\u00f9sto Banaan Caramel puffed rice bar brengt romige bananensmaak samen met een vleugje zachte caramel \u2013 op een bedje van krokante gepofte rijst. Dankzij Z\u00f9sto\u2019s unieke suikervervanger op basis van prebiotische vezels geniet je zonder toegevoegde suikers \u00e9n met 17% vezels.<\/span><\/p>\n<p><span style=\"font-weight: 400;\">Chewy \u00e9n crunchy in \u00e9\u00e9n hap \u2013 voor een unieke smaakbelevenis die je bijblijft.<\/span><\/p>\n<p><span style=\"font-weight: 400;\">Met een Nutriscore A, en indrukwekkend minder calorie\u00ebn, vetten en suikers dan marktleiders, biedt deze bar pure verwennerij zonder schuldgevoel.<\/span><\/p>\n<ul>\n<li><span style=\"font-weight: 400;\">17% gezonde vezels<\/span><\/li>\n<li><span style=\"font-weight: 400;\">94% minder suikers*<\/span><\/li>\n<li><span style=\"font-weight: 400;\">82% minder verzadigde vetten<\/span><\/li>\n<li><span style=\"font-weight: 400;\">48% minder calorie\u00ebn<\/span><\/li>\n<li><span style=\"font-weight: 400;\">6 individueel verpakte repen \u2013 ideaal om mee te nemen<\/span><\/li>\n<\/ul>\n<p><span style=\"font-weight: 400;\">*Bevat enkel van nature aanwezige suikers.<\/span><span style=\"font-weight: 400;\"><br \/>\n<\/span><b>Z\u00f9sto \u2013 zo smaakt zorgeloos genieten.<\/b><\/p>\n","protected":false},"excerpt":{"rendered":"<ul>\n<li style=\"font-weight: 400;\" aria-level=\"1\"><span style=\"font-weight: 400;\">Perfecte snack voor onderweg<\/span><\/li>\n<li style=\"font-weight: 400;\" aria-level=\"1\">6 stuks, individueel verpakt<\/li>\n<li style=\"font-weight: 400;\" aria-level=\"1\"><span style=\"font-weight: 400;\">Nutri-Score A<\/span><\/li>\n<li style=\"font-weight: 400;\" aria-level=\"1\"><span style=\"font-weight: 400;\">17% gezonde vezels<\/span><\/li>\n<li style=\"font-weight: 400;\" aria-level=\"1\"><span style=\"font-weight: 400;\">Geen toegevoegde suiker<\/span><\/li>\n<li style=\"font-weight: 400;\" aria-level=\"1\"><span style=\"font-weight: 400;\">48% minder calorie\u00ebn<\/span><\/li>\n<\/ul>\n<p><span style=\"font-weight: 400;\">Ontdek ook onze\u00a0<\/span><a href=\"https:\/\/zusto.com\/nl\/product\/zusto-gepofte-rijstreep-bosvruchten\/\" target=\"_blank\" rel=\"noopener\"><b>Z\u00f9sto Gepofte Rijstreep &#8211; Bosvruchten<\/b><\/a>.<\/p>\n","protected":false},"featured_media":41986,"comment_status":"open","ping_status":"closed","template":"","meta":{"_acf_changed":false,"_gspb_post_css":""},"product_cat":[755,199],"product_tag":[],"product_brands":[],"class_list":{"0":"post-40767","1":"product","2":"type-product","3":"status-publish","4":"has-post-thumbnail","6":"product_cat-alle-producten","7":"product_cat-snacks","9":"first","10":"instock","11":"taxable","12":"shipping-taxable","13":"purchasable","14":"product-type-simple"},"bundled_by":["47532","50390"],"bundle_stock_status":"instock","bundle_stock_quantity":null,"bundle_virtual":false,"bundle_layout":"","bundle_add_to_cart_form_location":"","bundle_editable_in_cart":false,"bundle_sold_individually_context":"","bundle_item_grouping":"","bundle_min_size":"","bundle_max_size":"","bundle_price":[],"bundled_items":[],"bundle_sell_ids":[],"acf":[],"ct_brands":[],"_links":{"self":[{"href":"https:\/\/zusto.com\/nl\/wp-json\/wp\/v2\/product\/40767","targetHints":{"allow":["GET"]}}],"collection":[{"href":"https:\/\/zusto.com\/nl\/wp-json\/wp\/v2\/product"}],"about":[{"href":"https:\/\/zusto.com\/nl\/wp-json\/wp\/v2\/types\/product"}],"replies":[{"embeddable":true,"href":"https:\/\/zusto.com\/nl\/wp-json\/wp\/v2\/comments?post=40767"}],"wp:featuredmedia":[{"embeddable":true,"href":"https:\/\/zusto.com\/nl\/wp-json\/wp\/v2\/media\/41986"}],"wp:attachment":[{"href":"https:\/\/zusto.com\/nl\/wp-json\/wp\/v2\/media?parent=40767"}],"wp:term":[{"taxonomy":"product_cat","embeddable":true,"href":"https:\/\/zusto.com\/nl\/wp-json\/wp\/v2\/product_cat?post=40767"},{"taxonomy":"product_tag","embeddable":true,"href":"https:\/\/zusto.com\/nl\/wp-json\/wp\/v2\/product_tag?post=40767"},{"taxonomy":"product_brands","embeddable":true,"href":"https:\/\/zusto.com\/nl\/wp-json\/wp\/v2\/product_brands?post=40767"}],"curies":[{"name":"wp","href":"https:\/\/api.w.org\/{rel}","templated":true}]}}