{"id":40880,"date":"2025-05-26T11:26:40","date_gmt":"2025-05-26T09:26:40","guid":{"rendered":"https:\/\/zusto.com\/product\/zusto-dubai-chocolate-bar\/"},"modified":"2025-06-17T13:13:53","modified_gmt":"2025-06-17T11:13:53","slug":"zusto-dubai-chocoladereep","status":"publish","type":"product","link":"https:\/\/zusto.com\/nl\/product\/zusto-dubai-chocoladereep\/","title":{"rendered":"Z\u00f9sto Dubai Chocoladereep"},"content":{"rendered":"<p><span style=\"font-weight: 400;\">Een tikkeltje luxueus, onweerstaanbaar lekker.<\/span><\/p>\n<p><span style=\"font-weight: 400;\">De Z\u00f9sto Dubai Chocolade Bar is allesbehalve gewoon. Ge\u00efnspireerd door de rijke smaken van het Midden-Oosten, combineren we echte, smeu\u00efge melkchocolade met een krokante bite, een vleugje zoute pistache en een subtiel zoete finish. Het resultaat? Een unieke smaakexplosie die je meteen meeneemt naar een wereld van pure verwennerij.<\/span><\/p>\n<p><span style=\"font-weight: 400;\">Wat deze bar \u00e9cht bijzonder maakt? Hij is gezoet met Z\u00f9sto\u2019s gepatenteerde suikervervanger \u2013 geen toegevoegde suikers dus, maar w\u00e9l volop smaak. Dankzij deze slimme formule bevat elke bar 12% gezonde vezels en 11% eiwitten.<\/span><\/p>\n<p><span style=\"font-weight: 400;\">In tegenstelling tot veel andere snacks gebruiken wij\u00a0<\/span><b>echte chocolade<\/b><span style=\"font-weight: 400;\">\u00a0en geen coating of compound chocolade. Want als het op smaak aankomt, doen we geen concessies.<\/span><\/p>\n<p><span style=\"font-weight: 400;\">Individueel verpakt (55g), ideaal als snack voor onderweg, een momentje voor jezelf \u2013 of om te delen.<\/span><\/p>\n<p><b>Zonder toegevoegde suiker. M\u00e9t smaak.<\/b><\/p>\n","protected":false},"excerpt":{"rendered":"<ul>\n<li style=\"font-weight: 400;\" aria-level=\"1\"><span style=\"font-weight: 400;\">Perfecte snack voor onderweg<\/span><\/li>\n<li style=\"font-weight: 400;\" aria-level=\"1\"><span style=\"font-weight: 400;\">Individueel verpakt (55g)<\/span><\/li>\n<li style=\"font-weight: 400;\" aria-level=\"1\"><span style=\"font-weight: 400;\">12% gezonde vezels<\/span><\/li>\n<li style=\"font-weight: 400;\" aria-level=\"1\"><span style=\"font-weight: 400;\">11% prote\u00efnen<\/span><\/li>\n<li style=\"font-weight: 400;\" aria-level=\"1\"><span style=\"font-weight: 400;\">Geen toegevoegde suikers<\/span><\/li>\n<li style=\"font-weight: 400;\" aria-level=\"1\"><span style=\"font-weight: 400;\">Gezoet met Z\u00f9sto\u2019s gepatenteerde formule<\/span><\/li>\n<\/ul>\n<p><b>Let op: warme temperaturen en chocolade<\/b><br \/>\nOm u de beste kwaliteit te garanderen, verzenden wij onze chocoladeproducten niet standaard tijdens zeer warme zomerdagen. Wilt u toch graag bestellen? Dat kan natuurlijk! Houd er wel rekening mee dat eventuele smeltschade door hoge temperaturen op eigen risico is.<\/p>\n","protected":false},"featured_media":40873,"comment_status":"open","ping_status":"closed","template":"","meta":{"_acf_changed":false,"_gspb_post_css":""},"product_cat":[755,199],"product_tag":[],"product_brands":[],"class_list":{"0":"post-40880","1":"product","2":"type-product","3":"status-publish","4":"has-post-thumbnail","6":"product_cat-alle-producten","7":"product_cat-snacks","9":"first","10":"instock","11":"sale","12":"taxable","13":"shipping-taxable","14":"purchasable","15":"product-type-variable","16":"has-default-attributes"},"bundled_by":["47532"],"bundle_stock_status":"instock","bundle_stock_quantity":null,"bundle_virtual":false,"bundle_layout":"","bundle_add_to_cart_form_location":"","bundle_editable_in_cart":false,"bundle_sold_individually_context":"","bundle_item_grouping":"","bundle_min_size":"","bundle_max_size":"","bundle_price":[],"bundled_items":[],"bundle_sell_ids":[],"acf":[],"ct_brands":[],"_links":{"self":[{"href":"https:\/\/zusto.com\/nl\/wp-json\/wp\/v2\/product\/40880","targetHints":{"allow":["GET"]}}],"collection":[{"href":"https:\/\/zusto.com\/nl\/wp-json\/wp\/v2\/product"}],"about":[{"href":"https:\/\/zusto.com\/nl\/wp-json\/wp\/v2\/types\/product"}],"replies":[{"embeddable":true,"href":"https:\/\/zusto.com\/nl\/wp-json\/wp\/v2\/comments?post=40880"}],"wp:featuredmedia":[{"embeddable":true,"href":"https:\/\/zusto.com\/nl\/wp-json\/wp\/v2\/media\/40873"}],"wp:attachment":[{"href":"https:\/\/zusto.com\/nl\/wp-json\/wp\/v2\/media?parent=40880"}],"wp:term":[{"taxonomy":"product_cat","embeddable":true,"href":"https:\/\/zusto.com\/nl\/wp-json\/wp\/v2\/product_cat?post=40880"},{"taxonomy":"product_tag","embeddable":true,"href":"https:\/\/zusto.com\/nl\/wp-json\/wp\/v2\/product_tag?post=40880"},{"taxonomy":"product_brands","embeddable":true,"href":"https:\/\/zusto.com\/nl\/wp-json\/wp\/v2\/product_brands?post=40880"}],"curies":[{"name":"wp","href":"https:\/\/api.w.org\/{rel}","templated":true}]}}