{"id":28404,"date":"2023-02-25T10:13:45","date_gmt":"2023-12-08T09:15:17","guid":{"rendered":"https:\/\/zusto.com\/?post_type=product&#038;p=28404"},"modified":"2025-11-20T21:49:22","modified_gmt":"2025-11-20T20:49:22","slug":"zusto-melocakes-geant","status":"publish","type":"product","link":"https:\/\/zusto.com\/fr\/produit\/zusto-melocakes-geant\/","title":{"rendered":"Z\u00f9sto Melocakes G\u00e9ant (4pcs)"},"content":{"rendered":"<h3>D\u00e9couvrez Nos Melocakes Artisanaux Z\u00f9sto : Un D\u00e9lice C\u00e9leste avec une Touche Saine !<\/h3>\n<p><span style=\"font-weight: 400;\">Chez Z\u00f9sto, nous sommes fiers de vous pr\u00e9senter notre derni\u00e8re cr\u00e9ation : les Z\u00f9sto Mega Melocakes. D\u00e9velopp\u00e9s avec amour et savoir-faire par Stephan Destrooper, petit-fils du c\u00e9l\u00e8bre fabricant de biscuits Jules Destrooper, nos Melocakes offrent une exp\u00e9rience gustative in\u00e9gal\u00e9e que vous n&#8217;oublierez pas de sit\u00f4t.<\/span><\/p>\n<h3>Qu&#8217;est-ce qui rend nos Melocakes si sp\u00e9ciaux ?<\/h3>\n<ol>\n<li style=\"font-weight: 400;\" aria-level=\"1\"><b>Maitrise Artisanale :<\/b><span style=\"font-weight: 400;\"> Chaque Melocake est confectionn\u00e9 avec un savoir-faire pur et artisanal. Stephan Destrooper a mis \u00e0 profit ses ann\u00e9es d&#8217;exp\u00e9rience pour cr\u00e9er une p\u00e2tisserie raffin\u00e9e et d\u00e9licieusement indulgente qui captive les sens.<\/span><\/li>\n<li style=\"font-weight: 400;\" aria-level=\"1\"><b>Trois Fois Plus Grand, Trois Fois Plus de Plaisir :<\/b><span style=\"font-weight: 400;\"> Nos Melocakes ne sont pas de simples p\u00e2tisseries. Avec une portion g\u00e9n\u00e9reuse de 32 \u00e0 34 grammes chacun, ils sont 2 \u00e0 3 fois plus grands que les melocakes industriels que l&#8217;on trouve en magasin. Cela signifie que vous obtenez trois fois plus de plaisir \u00e0 chaque bouch\u00e9e !<\/span><\/li>\n<li style=\"font-weight: 400;\" aria-level=\"1\"><b>Z\u00f9sto &#8211; La Touche Saine :<\/b><span style=\"font-weight: 400;\"> Ce qui rend nos Melocakes particuli\u00e8rement sp\u00e9ciaux, c&#8217;est l&#8217;utilisation de Z\u00f9sto comme substitut du sucre tant pour la meringue que pour le biscuit croustillant, ainsi que l&#8217;utilisation de nos <a href=\"https:\/\/zusto.com\/fr\/produit\/zusto-callets-de-chocolat-au-lait\/\">Z\u00f9sto Callets de Chocolat au Lait<\/a>. Cela signifie que le produit est d\u00e9sormais compos\u00e9 de pr\u00e8s d&#8217;1\/3 de fibres alimentaires pr\u00e9biotiques saines. Profitez du go\u00fbt d\u00e9licieux sans vous soucier des sucres ajout\u00e9s.<\/span><\/li>\n<\/ol>\n<p><span style=\"font-weight: 400;\">Faites-vous plaisir ou surprenez un ami avec cette friandise unique ! Commandez d\u00e8s maintenant vos Z\u00f9sto Melocakes directement sur notre site web et laissez-vous enchanter par la combinaison parfaite de savoir-faire, de go\u00fbt et de sant\u00e9.<\/span><\/p>\n<p><span style=\"font-weight: 400;\">D\u00e9couvrez la magie des Z\u00f9sto Melocakes et offrez \u00e0 vos papilles le d\u00e9lice qu&#8217;elles m\u00e9ritent !<\/span><\/p>\n","protected":false},"excerpt":{"rendered":"<ul type=\"disc\">\n<li>27,4 % de fibres saines (pr\u00e9biotiques)<\/li>\n<li>4 pi\u00e8ces (+\/- 128g) Z\u00f9sto Mega Melocakes<\/li>\n<li>88 % de sucres en moins<\/li>\n<li>Sucr\u00e9 avec Z\u00f9sto<\/li>\n<li>D\u00e9velopp\u00e9 par <a href=\"https:\/\/www.stephandestrooper.be\/patissier\/\" target=\"_blank\" rel=\"noopener\">Stephan Destrooper<\/a><\/li>\n<li>Format m\u00e9ga pour 3 fois plus de plaisir<\/li>\n<\/ul>\n<p><strong>Note : temp\u00e9ratures \u00e9lev\u00e9es et chocolat<\/strong><br \/>\nPour vous garantir la meilleure qualit\u00e9, nous n&#8217;exp\u00e9dions pas nos produits chocolat\u00e9s par d\u00e9faut pendant les journ\u00e9es d&#8217;\u00e9t\u00e9 tr\u00e8s chaudes. Vous souhaitez tout de m\u00eame passer commande ? Bien s\u00fbr ! Veuillez noter que tout dommage d\u00fb \u00e0 la fonte du chocolat en raison de temp\u00e9ratures \u00e9lev\u00e9es est \u00e0 vos risques et p\u00e9rils.<\/p>\n","protected":false},"featured_media":38096,"comment_status":"open","ping_status":"closed","template":"","meta":{"_acf_changed":false,"_gspb_post_css":""},"product_cat":[756,213],"product_tag":[193,194],"product_brands":[],"class_list":{"0":"post-28404","1":"product","2":"type-product","3":"status-publish","4":"has-post-thumbnail","6":"product_cat-tous-les-produits","7":"product_cat-snacks-fr","8":"product_tag-populair-fr","9":"product_tag-zusto-producten-fr","11":"first","12":"outofstock","13":"taxable","14":"shipping-taxable","15":"purchasable","16":"product-type-simple"},"bundled_by":[],"bundle_stock_status":"outofstock","bundle_stock_quantity":null,"bundle_virtual":false,"bundle_layout":"","bundle_add_to_cart_form_location":"","bundle_editable_in_cart":false,"bundle_sold_individually_context":"","bundle_item_grouping":"","bundle_min_size":"","bundle_max_size":"","bundle_price":[],"bundled_items":[],"bundle_sell_ids":[],"acf":[],"ct_brands":[],"_links":{"self":[{"href":"https:\/\/zusto.com\/fr\/wp-json\/wp\/v2\/product\/28404","targetHints":{"allow":["GET"]}}],"collection":[{"href":"https:\/\/zusto.com\/fr\/wp-json\/wp\/v2\/product"}],"about":[{"href":"https:\/\/zusto.com\/fr\/wp-json\/wp\/v2\/types\/product"}],"replies":[{"embeddable":true,"href":"https:\/\/zusto.com\/fr\/wp-json\/wp\/v2\/comments?post=28404"}],"wp:featuredmedia":[{"embeddable":true,"href":"https:\/\/zusto.com\/fr\/wp-json\/wp\/v2\/media\/38096"}],"wp:attachment":[{"href":"https:\/\/zusto.com\/fr\/wp-json\/wp\/v2\/media?parent=28404"}],"wp:term":[{"taxonomy":"product_cat","embeddable":true,"href":"https:\/\/zusto.com\/fr\/wp-json\/wp\/v2\/product_cat?post=28404"},{"taxonomy":"product_tag","embeddable":true,"href":"https:\/\/zusto.com\/fr\/wp-json\/wp\/v2\/product_tag?post=28404"},{"taxonomy":"product_brands","embeddable":true,"href":"https:\/\/zusto.com\/fr\/wp-json\/wp\/v2\/product_brands?post=28404"}],"curies":[{"name":"wp","href":"https:\/\/api.w.org\/{rel}","templated":true}]}}