{"id":39173,"date":"2025-02-14T09:23:45","date_gmt":"2025-02-14T08:28:40","guid":{"rendered":"https:\/\/zusto.com\/?post_type=product&#038;p=39173"},"modified":"2025-02-14T10:08:32","modified_gmt":"2025-02-14T09:08:32","slug":"tartinade-de-fraise-zusto","status":"publish","type":"product","link":"https:\/\/zusto.com\/fr\/produit\/tartinade-de-fraise-zusto\/","title":{"rendered":"Tartinade de Fraise Z\u00f9sto"},"content":{"rendered":"<h3><b>Tartinade de Fraise de Z\u00f9sto \u2013 Riche en Fibres, Riche en Saveurs !<\/b><\/h3>\n<p><span style=\"font-weight: 400;\">Commencez votre journ\u00e9e de mani\u00e8re saine avec la tartinade de fraises de Z\u00f9sto ! Compos\u00e9e de\u00a0<\/span><b>50% de vraies fraises<\/b><span style=\"font-weight: 400;\">, cette confiture haut de gamme offre toute la richesse et le go\u00fbt naturel que vous aimez\u2014sans l\u2019exc\u00e8s de sucre.<\/span><\/p>\n<ul>\n<li><b>81% de calories en moins<\/b><span style=\"font-weight: 400;\">\u00a0par rapport aux confitures traditionnelles \u2013 seulement\u00a0<\/span><b>44 kcal pour 100 g<\/b><span style=\"font-weight: 400;\">\u00a0(soit\u00a0<\/span><b>6,6 kcal par portion !<\/b><span style=\"font-weight: 400;\">).<\/span><\/li>\n<li><b>94% de sucre en moins<\/b><span style=\"font-weight: 400;\">\u00a0\u2013 seulement\u00a0<\/span><b>0,45 g par portion<\/b><span style=\"font-weight: 400;\">, sans sucres ajout\u00e9s (uniquement le sucre naturellement pr\u00e9sent dans le fruit).<\/span><span style=\"font-weight: 400;\"><br \/>\n<\/span><span style=\"font-weight: 400;\">Riche en <\/span><b>fibres pr\u00e9biotiques saines<\/b><span style=\"font-weight: 400;\">\u00a0\u2013\u00a0<\/span><b>16x plus de fibres<\/b><span style=\"font-weight: 400;\"> que les autres confitures.<\/span><\/li>\n<li><b>Nutri-Score A<\/b><span style=\"font-weight: 400;\"> \u2013 un choix plus intelligent pour le petit-d\u00e9jeuner.<\/span><\/li>\n<li><b>Sans effet laxatif<\/b><span style=\"font-weight: 400;\">\u00a0\u2013 sucr\u00e9 avec Z\u00f9sto, pour un\u00a0<\/span><b>go\u00fbt naturellement d\u00e9licieux<\/b><span style=\"font-weight: 400;\">, contrairement aux autres confitures \u00ab sans sucres ajout\u00e9s \u00bb remplies d\u2019\u00e9dulcorants et de polyols.<\/span><\/li>\n<\/ul>\n<p><span style=\"font-weight: 400;\">Gr\u00e2ce \u00e0 notre\u00a0<\/span><b>substitut de sucre brevet\u00e9 Z\u00f9sto<\/b><span style=\"font-weight: 400;\">, nous rempla\u00e7ons le sucre par un\u00a0<\/span><b>m\u00e9lange de fibres \u00e9quilibr\u00e9<\/b><span style=\"font-weight: 400;\">, garantissant un\u00a0<\/span><b>go\u00fbt naturellement sucr\u00e9 et onctueux<\/b><span style=\"font-weight: 400;\">, sans pic de sucre.<\/span><\/p>\n<p><span style=\"font-weight: 400;\">Savourez le vrai go\u00fbt des fraises, plus sain que jamais ! <\/span><span style=\"font-weight: 400;\">\ud83c\udf53\u2728<\/span><\/p>\n","protected":false},"excerpt":{"rendered":"<ul>\n<li>290 g de Tartinade de Fraise de Z\u00f9sto\u00ae<\/li>\n<li>Nutri-Score A<\/li>\n<li>81% de calories en moins par rapport aux autres confitures<\/li>\n<li>94% de sucre en moins que les autres confitures<\/li>\n<li><span style=\"font-weight: 400;\">D\u00e9couvrez aussi notre\u00a0<\/span><a href=\"https:\/\/zusto.com\/fr\/produit\/tartinade-de-framboise-zusto\/\"><span style=\"font-weight: 400;\">Tartinade de Framboises de Z\u00f9sto<\/span><\/a> <span style=\"font-weight: 400;\">ou notre\u00a0<\/span><a href=\"https:\/\/zusto.com\/fr\/produit\/tartinade-de-fruits-des-bois-de-zusto\/\"><span style=\"font-weight: 400;\">Tartinade de Fruits des Bois de Z\u00f9sto<\/span><\/a><i><span style=\"font-weight: 400;\">.<\/span><\/i><\/li>\n<\/ul>\n","protected":false},"featured_media":39164,"comment_status":"open","ping_status":"closed","template":"","meta":{"_acf_changed":false,"_gspb_post_css":""},"product_cat":[214,756],"product_tag":[],"product_brands":[],"class_list":{"0":"post-39173","1":"product","2":"type-product","3":"status-publish","4":"has-post-thumbnail","6":"product_cat-pate-a-tartiner","7":"product_cat-tous-les-produits","9":"first","10":"instock","11":"sale","12":"taxable","13":"shipping-taxable","14":"purchasable","15":"product-type-variable","16":"has-default-attributes"},"bundled_by":["47987","47456","47533"],"bundle_stock_status":"instock","bundle_stock_quantity":null,"bundle_virtual":false,"bundle_layout":"","bundle_add_to_cart_form_location":"","bundle_editable_in_cart":false,"bundle_sold_individually_context":"","bundle_item_grouping":"","bundle_min_size":"","bundle_max_size":"","bundle_price":[],"bundled_items":[],"bundle_sell_ids":[],"acf":[],"ct_brands":[],"_links":{"self":[{"href":"https:\/\/zusto.com\/fr\/wp-json\/wp\/v2\/product\/39173","targetHints":{"allow":["GET"]}}],"collection":[{"href":"https:\/\/zusto.com\/fr\/wp-json\/wp\/v2\/product"}],"about":[{"href":"https:\/\/zusto.com\/fr\/wp-json\/wp\/v2\/types\/product"}],"replies":[{"embeddable":true,"href":"https:\/\/zusto.com\/fr\/wp-json\/wp\/v2\/comments?post=39173"}],"wp:featuredmedia":[{"embeddable":true,"href":"https:\/\/zusto.com\/fr\/wp-json\/wp\/v2\/media\/39164"}],"wp:attachment":[{"href":"https:\/\/zusto.com\/fr\/wp-json\/wp\/v2\/media?parent=39173"}],"wp:term":[{"taxonomy":"product_cat","embeddable":true,"href":"https:\/\/zusto.com\/fr\/wp-json\/wp\/v2\/product_cat?post=39173"},{"taxonomy":"product_tag","embeddable":true,"href":"https:\/\/zusto.com\/fr\/wp-json\/wp\/v2\/product_tag?post=39173"},{"taxonomy":"product_brands","embeddable":true,"href":"https:\/\/zusto.com\/fr\/wp-json\/wp\/v2\/product_brands?post=39173"}],"curies":[{"name":"wp","href":"https:\/\/api.w.org\/{rel}","templated":true}]}}