{"id":28369,"date":"2023-02-25T10:13:45","date_gmt":"2023-02-25T09:13:45","guid":{"rendered":"https:\/\/zusto.com\/?post_type=product&#038;p=28369"},"modified":"2026-04-13T10:28:27","modified_gmt":"2026-04-13T08:28:27","slug":"zusto-mega-melocakes","status":"publish","type":"product","link":"https:\/\/zusto.com\/nl\/product\/zusto-mega-melocakes\/","title":{"rendered":"Z\u00f9sto Mega Melocakes (4st)"},"content":{"rendered":"<h3>Ontdek Onze Ambachtelijke Z\u00f9sto Melocakes: Een Hemels Genot met Gezonde Twist!<\/h3>\n<p><span style=\"font-weight: 400;\">Bij Z\u00f9sto zijn we trots om onze nieuwste creatie te introduceren: de Z\u00f9sto Mega Melocakes. Ontwikkeld met liefde en vakmanschap door Stephan Destrooper, kleinzoon van de beroemde koekjesfabrikant Jules Destrooper, bieden onze Melocakes een onge\u00ebvenaarde smaakervaring die je niet snel zult vergeten.<\/span><\/p>\n<h3>Wat maakt onze Melocakes zo bijzonder?<\/h3>\n<ol>\n<li><b>Ambachtelijk Meesterschap: <\/b><span style=\"font-weight: 400;\">Elke Melocake is gemaakt met pure ambacht en vakmanschap. Stephan Destrooper heeft zijn jarenlange ervaring ingezet om een verfijnd en overheerlijk gebak te cre\u00ebren dat de zintuigen betovert.<\/span><\/li>\n<\/ol>\n<ol start=\"2\">\n<li><b>Drie Keer Groter, Drie Keer Meer Genot: <\/b><span style=\"font-weight: 400;\">Onze Melocakes zijn niet zomaar gebakjes. Ze zijn met een royale portie van 32 \u00e0 34 gram per stuk maar liefst 2 \u00e0 3 keer groter dan de industri\u00eble melocakes die je in de winkel vindt. Dat betekent dat je drie keer zoveel genot hebt met elke hap!<\/span><\/li>\n<\/ol>\n<ol start=\"3\">\n<li><b>Z\u00f9sto &#8211; De Gezonde Twist: <\/b><span style=\"font-weight: 400;\">Wat onze Melocakes extra speciaal maakt, is het gebruik van Z\u00f9sto als suikervervanger voor zowel het schuimpje als het krokante koekje, maar ook het gebruik van onze <a href=\"https:\/\/zusto.com\/nl\/product\/zusto-melkchocolade-callets\/\">Z\u00f9sto Melk Chocolade Callets<\/a><\/span><span style=\"font-weight: 400;\">.<\/span><span style=\"font-weight: 400;\"> Hierdoor bestaat het product nu voor bijna 1\/3e uit gezonde prebiotische voedingsvezels. Geniet van de heerlijke smaak zonder je zorgen te maken over toegevoegde suikers.<\/span><\/li>\n<\/ol>\n<p><span style=\"font-weight: 400;\">Verwen jezelf of verras een vriend(in) met deze unieke traktatie! Bestel nu jouw Z\u00f9sto\u00a0Melocakes rechtstreeks op onze website en laat je betoveren door de perfecte combinatie van ambacht, smaak en gezondheid.<\/span><\/p>\n<p><span style=\"font-weight: 400;\">Ontdek de magie van Z\u00f9sto\u00a0Melocakes en geef je smaakpapillen de traktatie die ze verdienen!<\/span><\/p>\n","protected":false},"excerpt":{"rendered":"<ul type=\"disc\">\n<li><span lang=\"EN-US\">27,4% gezonde (prebiotische) vezels<u><\/u><u><\/u><\/span><\/li>\n<li>4 stuks (+\/- 128g) Z\u00f9sto Mega Melocakes<\/li>\n<li><span lang=\"EN-US\">88% minder suikers<u><\/u><\/span><\/li>\n<li><span lang=\"EN-US\">Gezoet met Z\u00f9sto<u><\/u><u><\/u><\/span><\/li>\n<li><span lang=\"EN-US\">Ontwikkeld door\u00a0<a href=\"https:\/\/www.stephandestrooper.be\/patissier\/\" target=\"_blank\" rel=\"noopener\"><u>Stephan Destrooper<\/u><\/a><u><\/u><\/span><\/li>\n<li><span lang=\"EN-US\">Mega-formaat voor 3x meer genot<\/span><\/li>\n<\/ul>\n<p><b>Let op: warme temperaturen en chocolade<\/b><br \/>\nOm u de beste kwaliteit te garanderen, verzenden wij onze chocoladeproducten niet standaard tijdens zeer warme zomerdagen. Wilt u toch graag bestellen? Dat kan natuurlijk! Houd er wel rekening mee dat eventuele smeltschade door hoge temperaturen op eigen risico is.<\/p>\n","protected":false},"featured_media":38092,"comment_status":"open","ping_status":"closed","template":"","meta":{"_acf_changed":false,"_gspb_post_css":""},"product_cat":[199,755],"product_tag":[185,230,187],"product_brands":[],"class_list":{"0":"post-28369","1":"product","2":"type-product","3":"status-publish","4":"has-post-thumbnail","6":"product_cat-snacks","7":"product_cat-alle-producten","8":"product_tag-populair","9":"product_tag-uitverkocht","10":"product_tag-zusto-producten","12":"first","13":"outofstock","14":"taxable","15":"shipping-taxable","16":"purchasable","17":"product-type-simple"},"bundled_by":[],"bundle_stock_status":"outofstock","bundle_stock_quantity":null,"bundle_virtual":false,"bundle_layout":"","bundle_add_to_cart_form_location":"","bundle_editable_in_cart":false,"bundle_sold_individually_context":"","bundle_item_grouping":"","bundle_min_size":"","bundle_max_size":"","bundle_price":[],"bundled_items":[],"bundle_sell_ids":[],"acf":[],"ct_brands":[],"_links":{"self":[{"href":"https:\/\/zusto.com\/nl\/wp-json\/wp\/v2\/product\/28369","targetHints":{"allow":["GET"]}}],"collection":[{"href":"https:\/\/zusto.com\/nl\/wp-json\/wp\/v2\/product"}],"about":[{"href":"https:\/\/zusto.com\/nl\/wp-json\/wp\/v2\/types\/product"}],"replies":[{"embeddable":true,"href":"https:\/\/zusto.com\/nl\/wp-json\/wp\/v2\/comments?post=28369"}],"wp:featuredmedia":[{"embeddable":true,"href":"https:\/\/zusto.com\/nl\/wp-json\/wp\/v2\/media\/38092"}],"wp:attachment":[{"href":"https:\/\/zusto.com\/nl\/wp-json\/wp\/v2\/media?parent=28369"}],"wp:term":[{"taxonomy":"product_cat","embeddable":true,"href":"https:\/\/zusto.com\/nl\/wp-json\/wp\/v2\/product_cat?post=28369"},{"taxonomy":"product_tag","embeddable":true,"href":"https:\/\/zusto.com\/nl\/wp-json\/wp\/v2\/product_tag?post=28369"},{"taxonomy":"product_brands","embeddable":true,"href":"https:\/\/zusto.com\/nl\/wp-json\/wp\/v2\/product_brands?post=28369"}],"curies":[{"name":"wp","href":"https:\/\/api.w.org\/{rel}","templated":true}]}}